{"id":75275,"date":"2025-01-06T09:36:34","date_gmt":"2025-01-06T07:36:34","guid":{"rendered":"https:\/\/stampon.gr\/SHOP\/product\/mimik-2\/"},"modified":"2025-01-11T01:28:55","modified_gmt":"2025-01-10T23:28:55","slug":"mimik-2","status":"publish","type":"product","link":"https:\/\/stampon.gr\/SHOP\/product\/mimik-2\/","title":{"rendered":"MIMIK"},"content":{"rendered":"<p>Ein winziges Zucken im Mundwinkel, die kleinste Ver\u00e4nderung in der Pupille reichen ihr, um das wahre Ich eines Menschen zu \u201elesen\u201c: Hannah Herbst ist Deutschlands erfahrenste Mimikresonanz-Expertin, spezialisiert auf die geheimen Signale des menschlichen K\u00f6rpers. Als Beraterin der Polizei hat sie schon etliche Gewaltverbrecher \u00fcberf\u00fchrt. Doch ausgerechnet als sie nach einer Operation mit den Folgen eines Ged\u00e4chtnisverlustes zu k\u00e4mpfen hat, wird sie mit dem schrecklichsten Fall ihrer Karriere konfrontiert: Eine bislang v\u00f6llig unbescholtene Frau hat gestanden, ihre Familie bestialisch ermordet zu haben. Nur ihr kleiner Sohn Paul hat \u00fcberlebt. Nach ihrem Gest\u00e4ndnis gelingt der Mutter die Flucht aus dem Gef\u00e4ngnis. Ist sie auf der Suche nach ihrem Sohn, um ihre \u201eTodesmission\u201c zu vollenden? Hannah Herbst hat nur das kurze Gest\u00e4ndnis-Video, um die Mutter zu \u00fcberf\u00fchren und Paul zu retten. Das Problem: Die M\u00f6rderin auf dem Video ist Hannah selbst!<\/p>\n","protected":false},"excerpt":{"rendered":"<p>Ein winziges Zucken im Mundwinkel, die kleinste Ver\u00e4nderung in der Pupille reichen ihr, um das wahre Ich eines Menschen zu \u201elesen\u201c: Hannah Herbst ist Deutschlands erfahrenste Mimikresonanz-Expertin, spezialisiert auf die geheimen Signale des menschlichen K\u00f6rpers. Als Beraterin der Polizei hat sie schon etliche Gewaltverbrecher \u00fcberf\u00fchrt. Doch ausgerechnet als sie nach einer Operation mit den Folgen [&#8230;]\n","protected":false},"featured_media":75274,"comment_status":"open","ping_status":"closed","template":"","meta":[],"product_brand":[],"product_cat":[712],"product_tag":[],"class_list":{"0":"post-75275","1":"product","2":"type-product","3":"status-publish","4":"has-post-thumbnail","6":"product_cat-xenoglossa-vivlia","7":"pa_brand-knaur-tb","8":"pa_syngrafeas-sebastian-fitzek","10":"first","11":"pre_order","12":"taxable","13":"shipping-taxable","14":"purchasable","15":"product-type-simple"},"yoast_head":"<!-- This site is optimized with the Yoast SEO plugin v27.4 - https:\/\/yoast.com\/product\/yoast-seo-wordpress\/ -->\n<title>MIMIK - StampOn<\/title>\n<meta name=\"description\" content=\"Ein winziges Zucken im Mundwinkel, die kleinste Ver\u00e4nderung in der Pupille reichen ihr, um das wahre Ich eines Menschen zu \u201elesen\u201c: Hannah Herbst ist\" \/>\n<meta name=\"robots\" content=\"index, follow, max-snippet:-1, max-image-preview:large, max-video-preview:-1\" \/>\n<link rel=\"canonical\" href=\"https:\/\/stampon.gr\/SHOP\/product\/mimik-2\/\" \/>\n<meta property=\"og:locale\" content=\"el_GR\" \/>\n<meta property=\"og:type\" content=\"article\" \/>\n<meta property=\"og:title\" content=\"MIMIK - StampOn\" \/>\n<meta property=\"og:description\" content=\"Ein winziges Zucken im Mundwinkel, die kleinste Ver\u00e4nderung in der Pupille reichen ihr, um das wahre Ich eines Menschen zu \u201elesen\u201c: Hannah Herbst ist\" \/>\n<meta property=\"og:url\" content=\"https:\/\/stampon.gr\/SHOP\/product\/mimik-2\/\" \/>\n<meta property=\"og:site_name\" content=\"StampOn\" \/>\n<meta property=\"article:publisher\" content=\"https:\/\/www.facebook.com\/StampOn\" \/>\n<meta property=\"article:modified_time\" content=\"2025-01-10T23:28:55+00:00\" \/>\n<meta property=\"og:image\" content=\"https:\/\/stampon.gr\/wp-content\/uploads\/2025\/01\/9783426519486.jpg\" \/>\n\t<meta property=\"og:image:width\" content=\"302\" \/>\n\t<meta property=\"og:image:height\" content=\"466\" \/>\n\t<meta property=\"og:image:type\" content=\"image\/jpeg\" \/>\n<meta name=\"twitter:card\" content=\"summary_large_image\" \/>\n<meta name=\"twitter:label1\" content=\"\u0395\u03ba\u03c4\u03b9\u03bc\u03ce\u03bc\u03b5\u03bd\u03bf\u03c2 \u03c7\u03c1\u03cc\u03bd\u03bf\u03c2 \u03b1\u03bd\u03ac\u03b3\u03bd\u03c9\u03c3\u03b7\u03c2\" \/>\n\t<meta name=\"twitter:data1\" content=\"1 \u03bb\u03b5\u03c0\u03c4\u03cc\" \/>\n<script type=\"application\/ld+json\" class=\"yoast-schema-graph\">{\"@context\":\"https:\\\/\\\/schema.org\",\"@graph\":[{\"@type\":\"WebPage\",\"@id\":\"https:\\\/\\\/stampon.gr\\\/SHOP\\\/product\\\/mimik-2\\\/\",\"url\":\"https:\\\/\\\/stampon.gr\\\/SHOP\\\/product\\\/mimik-2\\\/\",\"name\":\"MIMIK - StampOn\",\"isPartOf\":{\"@id\":\"https:\\\/\\\/stampon.gr\\\/SHOP\\\/#website\"},\"primaryImageOfPage\":{\"@id\":\"https:\\\/\\\/stampon.gr\\\/SHOP\\\/product\\\/mimik-2\\\/#primaryimage\"},\"image\":{\"@id\":\"https:\\\/\\\/stampon.gr\\\/SHOP\\\/product\\\/mimik-2\\\/#primaryimage\"},\"thumbnailUrl\":\"https:\\\/\\\/stampon.gr\\\/wp-content\\\/uploads\\\/2025\\\/01\\\/9783426519486.jpg\",\"datePublished\":\"2025-01-06T07:36:34+00:00\",\"dateModified\":\"2025-01-10T23:28:55+00:00\",\"description\":\"Ein winziges Zucken im Mundwinkel, die kleinste Ver\u00e4nderung in der Pupille reichen ihr, um das wahre Ich eines Menschen zu \u201elesen\u201c: Hannah Herbst ist\",\"breadcrumb\":{\"@id\":\"https:\\\/\\\/stampon.gr\\\/SHOP\\\/product\\\/mimik-2\\\/#breadcrumb\"},\"inLanguage\":\"el\",\"potentialAction\":[{\"@type\":\"ReadAction\",\"target\":[\"https:\\\/\\\/stampon.gr\\\/SHOP\\\/product\\\/mimik-2\\\/\"]}]},{\"@type\":\"ImageObject\",\"inLanguage\":\"el\",\"@id\":\"https:\\\/\\\/stampon.gr\\\/SHOP\\\/product\\\/mimik-2\\\/#primaryimage\",\"url\":\"https:\\\/\\\/stampon.gr\\\/wp-content\\\/uploads\\\/2025\\\/01\\\/9783426519486.jpg\",\"contentUrl\":\"https:\\\/\\\/stampon.gr\\\/wp-content\\\/uploads\\\/2025\\\/01\\\/9783426519486.jpg\",\"width\":302,\"height\":466},{\"@type\":\"BreadcrumbList\",\"@id\":\"https:\\\/\\\/stampon.gr\\\/SHOP\\\/product\\\/mimik-2\\\/#breadcrumb\",\"itemListElement\":[{\"@type\":\"ListItem\",\"position\":1,\"name\":\"\u0391\u03c1\u03c7\u03b9\u03ba\u03ae\",\"item\":\"https:\\\/\\\/stampon.gr\\\/SHOP\\\/\"},{\"@type\":\"ListItem\",\"position\":2,\"name\":\"\u039a\u03b1\u03c4\u03ac\u03c3\u03c4\u03b7\u03bc\u03b1\",\"item\":\"https:\\\/\\\/stampon.gr\\\/SHOP\\\/shop\\\/\"},{\"@type\":\"ListItem\",\"position\":3,\"name\":\"MIMIK\"}]},{\"@type\":\"WebSite\",\"@id\":\"https:\\\/\\\/stampon.gr\\\/SHOP\\\/#website\",\"url\":\"https:\\\/\\\/stampon.gr\\\/SHOP\\\/\",\"name\":\"StampOn\",\"description\":\"\u0388\u03bd\u03b1 \u03b4\u03b9\u03b1\u03c6\u03bf\u03c1\u03b5\u03c4\u03b9\u03ba\u03cc \u03a6\u03c9\u03c4\u03bf\u03c4\u03c5\u03c0\u03b9\u03ba\u03cc \u039a\u03ad\u03bd\u03c4\u03c1\u03bf - \u0392\u03b9\u03b2\u03bb\u03af\u03bf\u03c0\u03c9\u03bb\u03b5\u03af\u03bf...\",\"publisher\":{\"@id\":\"https:\\\/\\\/stampon.gr\\\/SHOP\\\/#organization\"},\"potentialAction\":[{\"@type\":\"SearchAction\",\"target\":{\"@type\":\"EntryPoint\",\"urlTemplate\":\"https:\\\/\\\/stampon.gr\\\/SHOP\\\/?s={search_term_string}\"},\"query-input\":{\"@type\":\"PropertyValueSpecification\",\"valueRequired\":true,\"valueName\":\"search_term_string\"}}],\"inLanguage\":\"el\"},{\"@type\":\"Organization\",\"@id\":\"https:\\\/\\\/stampon.gr\\\/SHOP\\\/#organization\",\"name\":\"StampOn\",\"url\":\"https:\\\/\\\/stampon.gr\\\/SHOP\\\/\",\"logo\":{\"@type\":\"ImageObject\",\"inLanguage\":\"el\",\"@id\":\"https:\\\/\\\/stampon.gr\\\/SHOP\\\/#\\\/schema\\\/logo\\\/image\\\/\",\"url\":\"https:\\\/\\\/stampon.gr\\\/wp-content\\\/uploads\\\/2021\\\/05\\\/StampOn-Logo.png\",\"contentUrl\":\"https:\\\/\\\/stampon.gr\\\/wp-content\\\/uploads\\\/2021\\\/05\\\/StampOn-Logo.png\",\"width\":240,\"height\":50,\"caption\":\"StampOn\"},\"image\":{\"@id\":\"https:\\\/\\\/stampon.gr\\\/SHOP\\\/#\\\/schema\\\/logo\\\/image\\\/\"},\"sameAs\":[\"https:\\\/\\\/www.facebook.com\\\/StampOn\",\"https:\\\/\\\/www.instagram.com\\\/stampon.gr\\\/\"]}]}<\/script>\n<!-- \/ Yoast SEO plugin. -->","yoast_head_json":{"title":"MIMIK - StampOn","description":"Ein winziges Zucken im Mundwinkel, die kleinste Ver\u00e4nderung in der Pupille reichen ihr, um das wahre Ich eines Menschen zu \u201elesen\u201c: Hannah Herbst ist","robots":{"index":"index","follow":"follow","max-snippet":"max-snippet:-1","max-image-preview":"max-image-preview:large","max-video-preview":"max-video-preview:-1"},"canonical":"https:\/\/stampon.gr\/SHOP\/product\/mimik-2\/","og_locale":"el_GR","og_type":"article","og_title":"MIMIK - StampOn","og_description":"Ein winziges Zucken im Mundwinkel, die kleinste Ver\u00e4nderung in der Pupille reichen ihr, um das wahre Ich eines Menschen zu \u201elesen\u201c: Hannah Herbst ist","og_url":"https:\/\/stampon.gr\/SHOP\/product\/mimik-2\/","og_site_name":"StampOn","article_publisher":"https:\/\/www.facebook.com\/StampOn","article_modified_time":"2025-01-10T23:28:55+00:00","og_image":[{"width":302,"height":466,"url":"https:\/\/stampon.gr\/wp-content\/uploads\/2025\/01\/9783426519486.jpg","type":"image\/jpeg"}],"twitter_card":"summary_large_image","twitter_misc":{"\u0395\u03ba\u03c4\u03b9\u03bc\u03ce\u03bc\u03b5\u03bd\u03bf\u03c2 \u03c7\u03c1\u03cc\u03bd\u03bf\u03c2 \u03b1\u03bd\u03ac\u03b3\u03bd\u03c9\u03c3\u03b7\u03c2":"1 \u03bb\u03b5\u03c0\u03c4\u03cc"},"schema":{"@context":"https:\/\/schema.org","@graph":[{"@type":"WebPage","@id":"https:\/\/stampon.gr\/SHOP\/product\/mimik-2\/","url":"https:\/\/stampon.gr\/SHOP\/product\/mimik-2\/","name":"MIMIK - StampOn","isPartOf":{"@id":"https:\/\/stampon.gr\/SHOP\/#website"},"primaryImageOfPage":{"@id":"https:\/\/stampon.gr\/SHOP\/product\/mimik-2\/#primaryimage"},"image":{"@id":"https:\/\/stampon.gr\/SHOP\/product\/mimik-2\/#primaryimage"},"thumbnailUrl":"https:\/\/stampon.gr\/wp-content\/uploads\/2025\/01\/9783426519486.jpg","datePublished":"2025-01-06T07:36:34+00:00","dateModified":"2025-01-10T23:28:55+00:00","description":"Ein winziges Zucken im Mundwinkel, die kleinste Ver\u00e4nderung in der Pupille reichen ihr, um das wahre Ich eines Menschen zu \u201elesen\u201c: Hannah Herbst ist","breadcrumb":{"@id":"https:\/\/stampon.gr\/SHOP\/product\/mimik-2\/#breadcrumb"},"inLanguage":"el","potentialAction":[{"@type":"ReadAction","target":["https:\/\/stampon.gr\/SHOP\/product\/mimik-2\/"]}]},{"@type":"ImageObject","inLanguage":"el","@id":"https:\/\/stampon.gr\/SHOP\/product\/mimik-2\/#primaryimage","url":"https:\/\/stampon.gr\/wp-content\/uploads\/2025\/01\/9783426519486.jpg","contentUrl":"https:\/\/stampon.gr\/wp-content\/uploads\/2025\/01\/9783426519486.jpg","width":302,"height":466},{"@type":"BreadcrumbList","@id":"https:\/\/stampon.gr\/SHOP\/product\/mimik-2\/#breadcrumb","itemListElement":[{"@type":"ListItem","position":1,"name":"\u0391\u03c1\u03c7\u03b9\u03ba\u03ae","item":"https:\/\/stampon.gr\/SHOP\/"},{"@type":"ListItem","position":2,"name":"\u039a\u03b1\u03c4\u03ac\u03c3\u03c4\u03b7\u03bc\u03b1","item":"https:\/\/stampon.gr\/SHOP\/shop\/"},{"@type":"ListItem","position":3,"name":"MIMIK"}]},{"@type":"WebSite","@id":"https:\/\/stampon.gr\/SHOP\/#website","url":"https:\/\/stampon.gr\/SHOP\/","name":"StampOn","description":"\u0388\u03bd\u03b1 \u03b4\u03b9\u03b1\u03c6\u03bf\u03c1\u03b5\u03c4\u03b9\u03ba\u03cc \u03a6\u03c9\u03c4\u03bf\u03c4\u03c5\u03c0\u03b9\u03ba\u03cc \u039a\u03ad\u03bd\u03c4\u03c1\u03bf - \u0392\u03b9\u03b2\u03bb\u03af\u03bf\u03c0\u03c9\u03bb\u03b5\u03af\u03bf...","publisher":{"@id":"https:\/\/stampon.gr\/SHOP\/#organization"},"potentialAction":[{"@type":"SearchAction","target":{"@type":"EntryPoint","urlTemplate":"https:\/\/stampon.gr\/SHOP\/?s={search_term_string}"},"query-input":{"@type":"PropertyValueSpecification","valueRequired":true,"valueName":"search_term_string"}}],"inLanguage":"el"},{"@type":"Organization","@id":"https:\/\/stampon.gr\/SHOP\/#organization","name":"StampOn","url":"https:\/\/stampon.gr\/SHOP\/","logo":{"@type":"ImageObject","inLanguage":"el","@id":"https:\/\/stampon.gr\/SHOP\/#\/schema\/logo\/image\/","url":"https:\/\/stampon.gr\/wp-content\/uploads\/2021\/05\/StampOn-Logo.png","contentUrl":"https:\/\/stampon.gr\/wp-content\/uploads\/2021\/05\/StampOn-Logo.png","width":240,"height":50,"caption":"StampOn"},"image":{"@id":"https:\/\/stampon.gr\/SHOP\/#\/schema\/logo\/image\/"},"sameAs":["https:\/\/www.facebook.com\/StampOn","https:\/\/www.instagram.com\/stampon.gr\/"]}]}},"_links":{"self":[{"href":"https:\/\/stampon.gr\/SHOP\/wp-json\/wp\/v2\/product\/75275","targetHints":{"allow":["GET"]}}],"collection":[{"href":"https:\/\/stampon.gr\/SHOP\/wp-json\/wp\/v2\/product"}],"about":[{"href":"https:\/\/stampon.gr\/SHOP\/wp-json\/wp\/v2\/types\/product"}],"replies":[{"embeddable":true,"href":"https:\/\/stampon.gr\/SHOP\/wp-json\/wp\/v2\/comments?post=75275"}],"wp:featuredmedia":[{"embeddable":true,"href":"https:\/\/stampon.gr\/SHOP\/wp-json\/wp\/v2\/media\/75274"}],"wp:attachment":[{"href":"https:\/\/stampon.gr\/SHOP\/wp-json\/wp\/v2\/media?parent=75275"}],"wp:term":[{"taxonomy":"product_brand","embeddable":true,"href":"https:\/\/stampon.gr\/SHOP\/wp-json\/wp\/v2\/product_brand?post=75275"},{"taxonomy":"product_cat","embeddable":true,"href":"https:\/\/stampon.gr\/SHOP\/wp-json\/wp\/v2\/product_cat?post=75275"},{"taxonomy":"product_tag","embeddable":true,"href":"https:\/\/stampon.gr\/SHOP\/wp-json\/wp\/v2\/product_tag?post=75275"}],"curies":[{"name":"wp","href":"https:\/\/api.w.org\/{rel}","templated":true}]}}