{"id":77422,"date":"2025-01-06T09:58:56","date_gmt":"2025-01-06T07:58:56","guid":{"rendered":"https:\/\/stampon.gr\/SHOP\/product\/daf-daz-unterricht-a1-1-mit-mp3-datei-ubungen-fur-die-tafelprojektion-whiteboard\/"},"modified":"2025-01-11T01:02:29","modified_gmt":"2025-01-10T23:02:29","slug":"daf-daz-unterricht-a1-1-mit-mp3-datei-ubungen-fur-die-tafelprojektion-whiteboard","status":"publish","type":"product","link":"https:\/\/stampon.gr\/SHOP\/product\/daf-daz-unterricht-a1-1-mit-mp3-datei-ubungen-fur-die-tafelprojektion-whiteboard\/","title":{"rendered":"DAF-\/DAZ-UNTERRICHT \u03911.1 \u2013 MIT MP3-DATEI \u2013 \u00dcBUNGEN F\u00dcR DIE TAFELPROJEKTION (WHITEBOARD)"},"content":{"rendered":"<p>Ich spiele Deutsch \u2013 DaF-\/DaZ-Unterricht \u03911.1 \u2013 mit mp3-Datei \u2013 \u00dcbungen f\u00fcr die Tafelprojektion (Whiteboard)<\/p>\n<p>Sie unterrichten Deutsch als Fremdsprache? Sie sind Sch\u00fcler*in oder Student*in? Und Sie sind auf der Suche nach einfachen und zugleich motivierenden \u00dcbungen f\u00fcr Ihre Sch\u00fclerinnen und Sch\u00fcler oder f\u00fcr sich selbst? Dann ist dieses E-Buch genau das richtige f\u00fcr Sie! Es h\u00e4lt Materialien und \u00dcbungen f\u00fcr die Tafelprojektion (Whiteboard) bereit, die f\u00fcr den Einstieg in die Niveaustufe A1 geeignet sind. Alle \u00dcbungseinheiten sind unabh\u00e4ngig von Lehrwerken schnell und ohne Zusatzmaterialien umsetzbar. Als Lehrerin oder Lehrer ben\u00f6tigen Sie kaum Vorbereitungszeit und k\u00f6nnen die \u00dcbungen sehr flexibel und \u00fcberall im schulischen Umfeld einsetzen. Die Aufgaben unterst\u00fctzen durch ein abwechslungsreiches Setting den Spracherwerb auf spielerische Weise. Sie k\u00f6nnen sowohl in kleinen Gruppen als auch individuell bearbeitet werden \u2013das f\u00f6rdert das kooperative Lernen sowie die Lernautonomie. Durch viel Bewegung, Kommunikation, Sprechen, Lesen und Schreibenerreichen die Lernenden schnell h\u00f6here Kompetenzstufen. Dadurch werden sie motiviert, gewinnen Selbstvertrauen und eine positive Einstellung zum Fremdsprachenunterricht. F\u00fcr zufriedene Lernende und einen inspirierenden Unterricht!<\/p>\n<p>\u0394\u03b9\u03b4\u03ac\u03c3\u03ba\u03b5\u03c4\u03b5 \u03c4\u03b7 \u0393\u03b5\u03c1\u03bc\u03b1\u03bd\u03b9\u03ba\u03ae \u03c9\u03c2 \u039e\u03ad\u03bd\u03b7 \u0393\u03bb\u03ce\u03c3\u03c3\u03b1 \u03ba\u03b1\u03b9 \u03b1\u03bd\u03b1\u03b6\u03b7\u03c4\u03ac\u03c4\u03b5 \u03c3\u03c5\u03bc\u03c0\u03bb\u03b7\u03c1\u03c9\u03bc\u03b1\u03c4\u03b9\u03ba\u03cc\/\u03c5\u03c0\u03bf\u03c3\u03c4\u03b7\u03c1\u03b9\u03ba\u03c4\u03b9\u03ba\u03cc \u03c5\u03bb\u03b9\u03ba\u03cc \u03b3\u03b9\u03b1 \u03c4\u03bf \u03bc\u03ac\u03b8\u03b7\u03bc\u03b1 \u03c3\u03b1\u03c2 \u03c3\u03c4\u03b7\u03bd \u03c4\u03ac\u03be\u03b7; \u03a5\u03bb\u03b9\u03ba\u03cc \u03c0\u03bf\u03c5 \u03b8\u03b1 \u03c0\u03c1\u03bf\u03c3\u03c6\u03ad\u03c1\u03b5\u03b9 \u03b3\u03bd\u03ce\u03c3\u03b7 \u03ba\u03b1\u03b9 \u03c0\u03b1\u03c1\u03ac\u03bb\u03bb\u03b7\u03bb\u03b1 \u03b8\u03b1 \u03bb\u03b5\u03b9\u03c4\u03bf\u03c5\u03c1\u03b3\u03ae\u03c3\u03b5\u03b9 \u03c9\u03c2 \u03ba\u03af\u03bd\u03b7\u03c4\u03c1\u03bf \u03bc\u03ac\u03b8\u03b7\u03c3\u03b7\u03c2 \u03b3\u03b9\u03b1 \u03c4\u03b1 \u03c0\u03b1\u03b9\u03b4\u03b9\u03ac; \u03a4\u03cc\u03c4\u03b5 \u03c4\u03bf \u03c3\u03c5\u03b3\u03ba\u03b5\u03ba\u03c1\u03b9\u03bc\u03ad\u03bd\u03bf \u03b2\u03b9\u03b2\u03bb\u03af\u03bf \u03b5\u03af\u03bd\u03b1\u03b9 \u03ba\u03b1\u03c4\u03ac\u03bb\u03bb\u03b7\u03bb\u03bf \u03b3\u03b9\u03b1 \u03b5\u03c3\u03ac\u03c2. \u03a0\u03b5\u03c1\u03b9\u03ad\u03c7\u03b5\u03b9 \u03b1\u03c0\u03bb\u03ad\u03c2, \u03b4\u03b9\u03b1\u03b4\u03c1\u03b1\u03c3\u03c4\u03b9\u03ba\u03ad\u03c2 \u03b1\u03c3\u03ba\u03ae\u03c3\u03b5\u03b9\u03c2, \u03b5\u03c0\u03b9\u03c0\u03ad\u03b4\u03bf\u03c5 \u03911, \u03bf\u03b9 \u03bf\u03c0\u03bf\u03af\u03b5\u03c2 \u03c0\u03c1\u03bf\u03b2\u03ac\u03bb\u03bb\u03bf\u03bd\u03c4\u03b1\u03b9 \u03c3\u03c4\u03bf\u03bd \u03b1\u03c3\u03c0\u03c1\u03bf\u03c0\u03af\u03bd\u03b1\u03ba\u03b1 (\u03cc\u03c7\u03b9 \u03b1\u03c0\u03b1\u03c1\u03b1\u03af\u03c4\u03b7\u03c4\u03b1 \u03b4\u03b9\u03b1\u03b4\u03c1\u03b1\u03c3\u03c4\u03b9\u03ba\u03cc) \u03ba\u03b1\u03b9 \u03bb\u03cd\u03bd\u03bf\u03bd\u03c4\u03b1\u03b9 \u03b1\u03c0\u03cc \u03c4\u03b1 \u03c0\u03b1\u03b9\u03b4\u03b9\u03ac \u03bc\u03b5 \u03c4\u03bf\u03bd \u03bc\u03b1\u03c1\u03ba\u03b1\u03b4\u03cc\u03c1\u03bf. \u03a4\u03bf \u03b2\u03b9\u03b2\u03bb\u03af\u03bf \u03bc\u03c0\u03bf\u03c1\u03b5\u03af \u03bd\u03b1 \u03b5\u03c6\u03b1\u03c1\u03bc\u03bf\u03c3\u03c4\u03b5\u03af \u03c4\u03cc\u03c3\u03bf \u03c3\u03b5 \u03c3\u03c7\u03bf\u03bb\u03b9\u03ba\u03cc \u03cc\u03c3\u03bf \u03ba\u03b1\u03b9 \u03c3\u03b5 \u03c6\u03c1\u03bf\u03bd\u03c4\u03b9\u03c3\u03c4\u03b7\u03c1\u03b9\u03b1\u03ba\u03cc \u03c0\u03b5\u03c1\u03b9\u03b2\u03ac\u03bb\u03bb\u03bf\u03bd \u03b1\u03bd\u03b5\u03be\u03b1\u03c1\u03c4\u03ae\u03c4\u03c9\u03c2 \u03b4\u03b9\u03b4\u03b1\u03ba\u03c4\u03b9\u03ba\u03ae\u03c2 \u03c3\u03b5\u03b9\u03c1\u03ac\u03c2. \u0395\u03af\u03c3\u03b1\u03b9 \u03bc\u03b1\u03b8\u03b7\u03c4\u03ae\u03c2 \u03ae \u03c6\u03bf\u03b9\u03c4\u03b7\u03c4\u03ae\u03c2; \u03a4\u03bf \u03b2\u03b9\u03b2\u03bb\u03af\u03bf \u03b1\u03c5\u03c4\u03cc \u03b5\u03af\u03bd\u03b1\u03b9 \u03ba\u03b1\u03b9 \u03b3\u03b9\u03b1 \u03c3\u03ad\u03bd\u03b1. \u0394\u03b9\u03b1\u03ba\u03c1\u03af\u03bd\u03b5\u03c4\u03b1\u03b9 \u03b3\u03b9\u03b1 \u03c4\u03bf\u03bd \u03c0\u03b1\u03b9\u03b3\u03bd\u03b9\u03ce\u03b4\u03b7 \u03c4\u03bf\u03c5 \u03c7\u03b1\u03c1\u03b1\u03ba\u03c4\u03ae\u03c1\u03b1, \u03c0\u03c1\u03bf\u03c9\u03b8\u03b5\u03af \u03c4\u03b7\u03bd \u03b5\u03bd\u03b5\u03c1\u03b3\u03ae \u03c3\u03c5\u03bc\u03bc\u03b5\u03c4\u03bf\u03c7\u03ae \u03cc\u03bb\u03c9\u03bd \u03c4\u03c9\u03bd \u03c0\u03b1\u03b9\u03b4\u03b9\u03ce\u03bd (\u03b1\u03ba\u03cc\u03bc\u03b1 \u03ba\u03b1\u03b9<\/p>\n","protected":false},"excerpt":{"rendered":"<p>Ich spiele Deutsch \u2013 DaF-\/DaZ-Unterricht \u03911.1 \u2013 mit mp3-Datei \u2013 \u00dcbungen f\u00fcr die Tafelprojektion (Whiteboard) Sie unterrichten Deutsch als Fremdsprache? Sie sind Sch\u00fcler*in oder Student*in? Und Sie sind auf der Suche nach einfachen und zugleich motivierenden \u00dcbungen f\u00fcr Ihre Sch\u00fclerinnen und Sch\u00fcler oder f\u00fcr sich selbst? Dann ist dieses E-Buch genau das richtige f\u00fcr Sie! [&#8230;]\n","protected":false},"featured_media":77421,"comment_status":"open","ping_status":"closed","template":"","meta":[],"product_brand":[],"product_cat":[14176],"product_tag":[],"class_list":{"0":"post-77422","1":"product","2":"type-product","3":"status-publish","4":"has-post-thumbnail","6":"product_cat-ekpaidevtika-xenoglossa-vivlia","7":"pa_brand-fylatos","9":"first","10":"pre_order","11":"taxable","12":"shipping-taxable","13":"purchasable","14":"product-type-simple"},"yoast_head":"<!-- This site is optimized with the Yoast SEO plugin v27.5 - https:\/\/yoast.com\/product\/yoast-seo-wordpress\/ -->\n<title>DAF-\/DAZ-UNTERRICHT \u03911.1 \u2013 MIT MP3-DATEI \u2013 \u00dcBUNGEN F\u00dcR DIE TAFELPROJEKTION (WHITEBOARD) - StampOn<\/title>\n<meta name=\"description\" content=\"Ich spiele Deutsch \u2013 DaF-\/DaZ-Unterricht \u03911.1 \u2013 mit mp3-Datei \u2013 \u00dcbungen f\u00fcr die Tafelprojektion (Whiteboard) Sie unterrichten Deutsch als Fremdsprache?\" \/>\n<meta name=\"robots\" content=\"index, follow, max-snippet:-1, max-image-preview:large, max-video-preview:-1\" \/>\n<link rel=\"canonical\" href=\"https:\/\/stampon.gr\/SHOP\/product\/daf-daz-unterricht-a1-1-mit-mp3-datei-ubungen-fur-die-tafelprojektion-whiteboard\/\" \/>\n<meta property=\"og:locale\" content=\"el_GR\" \/>\n<meta property=\"og:type\" content=\"article\" \/>\n<meta property=\"og:title\" content=\"DAF-\/DAZ-UNTERRICHT \u03911.1 \u2013 MIT MP3-DATEI \u2013 \u00dcBUNGEN F\u00dcR DIE TAFELPROJEKTION (WHITEBOARD) - StampOn\" \/>\n<meta property=\"og:description\" content=\"Ich spiele Deutsch \u2013 DaF-\/DaZ-Unterricht \u03911.1 \u2013 mit mp3-Datei \u2013 \u00dcbungen f\u00fcr die Tafelprojektion (Whiteboard) Sie unterrichten Deutsch als Fremdsprache?\" \/>\n<meta property=\"og:url\" content=\"https:\/\/stampon.gr\/SHOP\/product\/daf-daz-unterricht-a1-1-mit-mp3-datei-ubungen-fur-die-tafelprojektion-whiteboard\/\" \/>\n<meta property=\"og:site_name\" content=\"StampOn\" \/>\n<meta property=\"article:publisher\" content=\"https:\/\/www.facebook.com\/StampOn\" \/>\n<meta property=\"article:modified_time\" content=\"2025-01-10T23:02:29+00:00\" \/>\n<meta property=\"og:image\" content=\"https:\/\/stampon.gr\/wp-content\/uploads\/2025\/01\/9789606582240.jpg\" \/>\n\t<meta property=\"og:image:width\" content=\"1920\" \/>\n\t<meta property=\"og:image:height\" content=\"1439\" \/>\n\t<meta property=\"og:image:type\" content=\"image\/jpeg\" \/>\n<meta name=\"twitter:card\" content=\"summary_large_image\" \/>\n<meta name=\"twitter:label1\" content=\"\u0395\u03ba\u03c4\u03b9\u03bc\u03ce\u03bc\u03b5\u03bd\u03bf\u03c2 \u03c7\u03c1\u03cc\u03bd\u03bf\u03c2 \u03b1\u03bd\u03ac\u03b3\u03bd\u03c9\u03c3\u03b7\u03c2\" \/>\n\t<meta name=\"twitter:data1\" content=\"1 \u03bb\u03b5\u03c0\u03c4\u03cc\" \/>\n<script type=\"application\/ld+json\" class=\"yoast-schema-graph\">{\"@context\":\"https:\\\/\\\/schema.org\",\"@graph\":[{\"@type\":\"WebPage\",\"@id\":\"https:\\\/\\\/stampon.gr\\\/SHOP\\\/product\\\/daf-daz-unterricht-a1-1-mit-mp3-datei-ubungen-fur-die-tafelprojektion-whiteboard\\\/\",\"url\":\"https:\\\/\\\/stampon.gr\\\/SHOP\\\/product\\\/daf-daz-unterricht-a1-1-mit-mp3-datei-ubungen-fur-die-tafelprojektion-whiteboard\\\/\",\"name\":\"DAF-\\\/DAZ-UNTERRICHT \u03911.1 \u2013 MIT MP3-DATEI \u2013 \u00dcBUNGEN F\u00dcR DIE TAFELPROJEKTION (WHITEBOARD) - StampOn\",\"isPartOf\":{\"@id\":\"https:\\\/\\\/stampon.gr\\\/SHOP\\\/#website\"},\"primaryImageOfPage\":{\"@id\":\"https:\\\/\\\/stampon.gr\\\/SHOP\\\/product\\\/daf-daz-unterricht-a1-1-mit-mp3-datei-ubungen-fur-die-tafelprojektion-whiteboard\\\/#primaryimage\"},\"image\":{\"@id\":\"https:\\\/\\\/stampon.gr\\\/SHOP\\\/product\\\/daf-daz-unterricht-a1-1-mit-mp3-datei-ubungen-fur-die-tafelprojektion-whiteboard\\\/#primaryimage\"},\"thumbnailUrl\":\"https:\\\/\\\/stampon.gr\\\/wp-content\\\/uploads\\\/2025\\\/01\\\/9789606582240.jpg\",\"datePublished\":\"2025-01-06T07:58:56+00:00\",\"dateModified\":\"2025-01-10T23:02:29+00:00\",\"description\":\"Ich spiele Deutsch \u2013 DaF-\\\/DaZ-Unterricht \u03911.1 \u2013 mit mp3-Datei \u2013 \u00dcbungen f\u00fcr die Tafelprojektion (Whiteboard) Sie unterrichten Deutsch als Fremdsprache?\",\"breadcrumb\":{\"@id\":\"https:\\\/\\\/stampon.gr\\\/SHOP\\\/product\\\/daf-daz-unterricht-a1-1-mit-mp3-datei-ubungen-fur-die-tafelprojektion-whiteboard\\\/#breadcrumb\"},\"inLanguage\":\"el\",\"potentialAction\":[{\"@type\":\"ReadAction\",\"target\":[\"https:\\\/\\\/stampon.gr\\\/SHOP\\\/product\\\/daf-daz-unterricht-a1-1-mit-mp3-datei-ubungen-fur-die-tafelprojektion-whiteboard\\\/\"]}]},{\"@type\":\"ImageObject\",\"inLanguage\":\"el\",\"@id\":\"https:\\\/\\\/stampon.gr\\\/SHOP\\\/product\\\/daf-daz-unterricht-a1-1-mit-mp3-datei-ubungen-fur-die-tafelprojektion-whiteboard\\\/#primaryimage\",\"url\":\"https:\\\/\\\/stampon.gr\\\/wp-content\\\/uploads\\\/2025\\\/01\\\/9789606582240.jpg\",\"contentUrl\":\"https:\\\/\\\/stampon.gr\\\/wp-content\\\/uploads\\\/2025\\\/01\\\/9789606582240.jpg\",\"width\":1920,\"height\":1439},{\"@type\":\"BreadcrumbList\",\"@id\":\"https:\\\/\\\/stampon.gr\\\/SHOP\\\/product\\\/daf-daz-unterricht-a1-1-mit-mp3-datei-ubungen-fur-die-tafelprojektion-whiteboard\\\/#breadcrumb\",\"itemListElement\":[{\"@type\":\"ListItem\",\"position\":1,\"name\":\"\u0391\u03c1\u03c7\u03b9\u03ba\u03ae\",\"item\":\"https:\\\/\\\/stampon.gr\\\/SHOP\\\/\"},{\"@type\":\"ListItem\",\"position\":2,\"name\":\"\u039a\u03b1\u03c4\u03ac\u03c3\u03c4\u03b7\u03bc\u03b1\",\"item\":\"https:\\\/\\\/stampon.gr\\\/SHOP\\\/shop\\\/\"},{\"@type\":\"ListItem\",\"position\":3,\"name\":\"DAF-\\\/DAZ-UNTERRICHT \u03911.1 \u2013 MIT MP3-DATEI \u2013 \u00dcBUNGEN F\u00dcR DIE TAFELPROJEKTION (WHITEBOARD)\"}]},{\"@type\":\"WebSite\",\"@id\":\"https:\\\/\\\/stampon.gr\\\/SHOP\\\/#website\",\"url\":\"https:\\\/\\\/stampon.gr\\\/SHOP\\\/\",\"name\":\"StampOn\",\"description\":\"\u0388\u03bd\u03b1 \u03b4\u03b9\u03b1\u03c6\u03bf\u03c1\u03b5\u03c4\u03b9\u03ba\u03cc \u03a6\u03c9\u03c4\u03bf\u03c4\u03c5\u03c0\u03b9\u03ba\u03cc \u039a\u03ad\u03bd\u03c4\u03c1\u03bf - \u0392\u03b9\u03b2\u03bb\u03af\u03bf\u03c0\u03c9\u03bb\u03b5\u03af\u03bf...\",\"publisher\":{\"@id\":\"https:\\\/\\\/stampon.gr\\\/SHOP\\\/#organization\"},\"potentialAction\":[{\"@type\":\"SearchAction\",\"target\":{\"@type\":\"EntryPoint\",\"urlTemplate\":\"https:\\\/\\\/stampon.gr\\\/SHOP\\\/?s={search_term_string}\"},\"query-input\":{\"@type\":\"PropertyValueSpecification\",\"valueRequired\":true,\"valueName\":\"search_term_string\"}}],\"inLanguage\":\"el\"},{\"@type\":\"Organization\",\"@id\":\"https:\\\/\\\/stampon.gr\\\/SHOP\\\/#organization\",\"name\":\"StampOn\",\"url\":\"https:\\\/\\\/stampon.gr\\\/SHOP\\\/\",\"logo\":{\"@type\":\"ImageObject\",\"inLanguage\":\"el\",\"@id\":\"https:\\\/\\\/stampon.gr\\\/SHOP\\\/#\\\/schema\\\/logo\\\/image\\\/\",\"url\":\"https:\\\/\\\/stampon.gr\\\/wp-content\\\/uploads\\\/2021\\\/05\\\/StampOn-Logo.png\",\"contentUrl\":\"https:\\\/\\\/stampon.gr\\\/wp-content\\\/uploads\\\/2021\\\/05\\\/StampOn-Logo.png\",\"width\":240,\"height\":50,\"caption\":\"StampOn\"},\"image\":{\"@id\":\"https:\\\/\\\/stampon.gr\\\/SHOP\\\/#\\\/schema\\\/logo\\\/image\\\/\"},\"sameAs\":[\"https:\\\/\\\/www.facebook.com\\\/StampOn\",\"https:\\\/\\\/www.instagram.com\\\/stampon.gr\\\/\"]}]}<\/script>\n<!-- \/ Yoast SEO plugin. -->","yoast_head_json":{"title":"DAF-\/DAZ-UNTERRICHT \u03911.1 \u2013 MIT MP3-DATEI \u2013 \u00dcBUNGEN F\u00dcR DIE TAFELPROJEKTION (WHITEBOARD) - StampOn","description":"Ich spiele Deutsch \u2013 DaF-\/DaZ-Unterricht \u03911.1 \u2013 mit mp3-Datei \u2013 \u00dcbungen f\u00fcr die Tafelprojektion (Whiteboard) Sie unterrichten Deutsch als Fremdsprache?","robots":{"index":"index","follow":"follow","max-snippet":"max-snippet:-1","max-image-preview":"max-image-preview:large","max-video-preview":"max-video-preview:-1"},"canonical":"https:\/\/stampon.gr\/SHOP\/product\/daf-daz-unterricht-a1-1-mit-mp3-datei-ubungen-fur-die-tafelprojektion-whiteboard\/","og_locale":"el_GR","og_type":"article","og_title":"DAF-\/DAZ-UNTERRICHT \u03911.1 \u2013 MIT MP3-DATEI \u2013 \u00dcBUNGEN F\u00dcR DIE TAFELPROJEKTION (WHITEBOARD) - StampOn","og_description":"Ich spiele Deutsch \u2013 DaF-\/DaZ-Unterricht \u03911.1 \u2013 mit mp3-Datei \u2013 \u00dcbungen f\u00fcr die Tafelprojektion (Whiteboard) Sie unterrichten Deutsch als Fremdsprache?","og_url":"https:\/\/stampon.gr\/SHOP\/product\/daf-daz-unterricht-a1-1-mit-mp3-datei-ubungen-fur-die-tafelprojektion-whiteboard\/","og_site_name":"StampOn","article_publisher":"https:\/\/www.facebook.com\/StampOn","article_modified_time":"2025-01-10T23:02:29+00:00","og_image":[{"width":1920,"height":1439,"url":"https:\/\/stampon.gr\/wp-content\/uploads\/2025\/01\/9789606582240.jpg","type":"image\/jpeg"}],"twitter_card":"summary_large_image","twitter_misc":{"\u0395\u03ba\u03c4\u03b9\u03bc\u03ce\u03bc\u03b5\u03bd\u03bf\u03c2 \u03c7\u03c1\u03cc\u03bd\u03bf\u03c2 \u03b1\u03bd\u03ac\u03b3\u03bd\u03c9\u03c3\u03b7\u03c2":"1 \u03bb\u03b5\u03c0\u03c4\u03cc"},"schema":{"@context":"https:\/\/schema.org","@graph":[{"@type":"WebPage","@id":"https:\/\/stampon.gr\/SHOP\/product\/daf-daz-unterricht-a1-1-mit-mp3-datei-ubungen-fur-die-tafelprojektion-whiteboard\/","url":"https:\/\/stampon.gr\/SHOP\/product\/daf-daz-unterricht-a1-1-mit-mp3-datei-ubungen-fur-die-tafelprojektion-whiteboard\/","name":"DAF-\/DAZ-UNTERRICHT \u03911.1 \u2013 MIT MP3-DATEI \u2013 \u00dcBUNGEN F\u00dcR DIE TAFELPROJEKTION (WHITEBOARD) - StampOn","isPartOf":{"@id":"https:\/\/stampon.gr\/SHOP\/#website"},"primaryImageOfPage":{"@id":"https:\/\/stampon.gr\/SHOP\/product\/daf-daz-unterricht-a1-1-mit-mp3-datei-ubungen-fur-die-tafelprojektion-whiteboard\/#primaryimage"},"image":{"@id":"https:\/\/stampon.gr\/SHOP\/product\/daf-daz-unterricht-a1-1-mit-mp3-datei-ubungen-fur-die-tafelprojektion-whiteboard\/#primaryimage"},"thumbnailUrl":"https:\/\/stampon.gr\/wp-content\/uploads\/2025\/01\/9789606582240.jpg","datePublished":"2025-01-06T07:58:56+00:00","dateModified":"2025-01-10T23:02:29+00:00","description":"Ich spiele Deutsch \u2013 DaF-\/DaZ-Unterricht \u03911.1 \u2013 mit mp3-Datei \u2013 \u00dcbungen f\u00fcr die Tafelprojektion (Whiteboard) Sie unterrichten Deutsch als Fremdsprache?","breadcrumb":{"@id":"https:\/\/stampon.gr\/SHOP\/product\/daf-daz-unterricht-a1-1-mit-mp3-datei-ubungen-fur-die-tafelprojektion-whiteboard\/#breadcrumb"},"inLanguage":"el","potentialAction":[{"@type":"ReadAction","target":["https:\/\/stampon.gr\/SHOP\/product\/daf-daz-unterricht-a1-1-mit-mp3-datei-ubungen-fur-die-tafelprojektion-whiteboard\/"]}]},{"@type":"ImageObject","inLanguage":"el","@id":"https:\/\/stampon.gr\/SHOP\/product\/daf-daz-unterricht-a1-1-mit-mp3-datei-ubungen-fur-die-tafelprojektion-whiteboard\/#primaryimage","url":"https:\/\/stampon.gr\/wp-content\/uploads\/2025\/01\/9789606582240.jpg","contentUrl":"https:\/\/stampon.gr\/wp-content\/uploads\/2025\/01\/9789606582240.jpg","width":1920,"height":1439},{"@type":"BreadcrumbList","@id":"https:\/\/stampon.gr\/SHOP\/product\/daf-daz-unterricht-a1-1-mit-mp3-datei-ubungen-fur-die-tafelprojektion-whiteboard\/#breadcrumb","itemListElement":[{"@type":"ListItem","position":1,"name":"\u0391\u03c1\u03c7\u03b9\u03ba\u03ae","item":"https:\/\/stampon.gr\/SHOP\/"},{"@type":"ListItem","position":2,"name":"\u039a\u03b1\u03c4\u03ac\u03c3\u03c4\u03b7\u03bc\u03b1","item":"https:\/\/stampon.gr\/SHOP\/shop\/"},{"@type":"ListItem","position":3,"name":"DAF-\/DAZ-UNTERRICHT \u03911.1 \u2013 MIT MP3-DATEI \u2013 \u00dcBUNGEN F\u00dcR DIE TAFELPROJEKTION (WHITEBOARD)"}]},{"@type":"WebSite","@id":"https:\/\/stampon.gr\/SHOP\/#website","url":"https:\/\/stampon.gr\/SHOP\/","name":"StampOn","description":"\u0388\u03bd\u03b1 \u03b4\u03b9\u03b1\u03c6\u03bf\u03c1\u03b5\u03c4\u03b9\u03ba\u03cc \u03a6\u03c9\u03c4\u03bf\u03c4\u03c5\u03c0\u03b9\u03ba\u03cc \u039a\u03ad\u03bd\u03c4\u03c1\u03bf - \u0392\u03b9\u03b2\u03bb\u03af\u03bf\u03c0\u03c9\u03bb\u03b5\u03af\u03bf...","publisher":{"@id":"https:\/\/stampon.gr\/SHOP\/#organization"},"potentialAction":[{"@type":"SearchAction","target":{"@type":"EntryPoint","urlTemplate":"https:\/\/stampon.gr\/SHOP\/?s={search_term_string}"},"query-input":{"@type":"PropertyValueSpecification","valueRequired":true,"valueName":"search_term_string"}}],"inLanguage":"el"},{"@type":"Organization","@id":"https:\/\/stampon.gr\/SHOP\/#organization","name":"StampOn","url":"https:\/\/stampon.gr\/SHOP\/","logo":{"@type":"ImageObject","inLanguage":"el","@id":"https:\/\/stampon.gr\/SHOP\/#\/schema\/logo\/image\/","url":"https:\/\/stampon.gr\/wp-content\/uploads\/2021\/05\/StampOn-Logo.png","contentUrl":"https:\/\/stampon.gr\/wp-content\/uploads\/2021\/05\/StampOn-Logo.png","width":240,"height":50,"caption":"StampOn"},"image":{"@id":"https:\/\/stampon.gr\/SHOP\/#\/schema\/logo\/image\/"},"sameAs":["https:\/\/www.facebook.com\/StampOn","https:\/\/www.instagram.com\/stampon.gr\/"]}]}},"_links":{"self":[{"href":"https:\/\/stampon.gr\/SHOP\/wp-json\/wp\/v2\/product\/77422","targetHints":{"allow":["GET"]}}],"collection":[{"href":"https:\/\/stampon.gr\/SHOP\/wp-json\/wp\/v2\/product"}],"about":[{"href":"https:\/\/stampon.gr\/SHOP\/wp-json\/wp\/v2\/types\/product"}],"replies":[{"embeddable":true,"href":"https:\/\/stampon.gr\/SHOP\/wp-json\/wp\/v2\/comments?post=77422"}],"wp:featuredmedia":[{"embeddable":true,"href":"https:\/\/stampon.gr\/SHOP\/wp-json\/wp\/v2\/media\/77421"}],"wp:attachment":[{"href":"https:\/\/stampon.gr\/SHOP\/wp-json\/wp\/v2\/media?parent=77422"}],"wp:term":[{"taxonomy":"product_brand","embeddable":true,"href":"https:\/\/stampon.gr\/SHOP\/wp-json\/wp\/v2\/product_brand?post=77422"},{"taxonomy":"product_cat","embeddable":true,"href":"https:\/\/stampon.gr\/SHOP\/wp-json\/wp\/v2\/product_cat?post=77422"},{"taxonomy":"product_tag","embeddable":true,"href":"https:\/\/stampon.gr\/SHOP\/wp-json\/wp\/v2\/product_tag?post=77422"}],"curies":[{"name":"wp","href":"https:\/\/api.w.org\/{rel}","templated":true}]}}