{"id":79121,"date":"2025-01-06T10:17:04","date_gmt":"2025-01-06T08:17:04","guid":{"rendered":"https:\/\/stampon.gr\/SHOP\/product\/simple-nest-ce-pas\/"},"modified":"2025-01-11T00:33:53","modified_gmt":"2025-01-10T22:33:53","slug":"simple-nest-ce-pas","status":"publish","type":"product","link":"https:\/\/stampon.gr\/SHOP\/product\/simple-nest-ce-pas\/","title":{"rendered":"&#8230;SIMPLE, NEST-CE PAS?"},"content":{"rendered":"<p>Avec ce livre que vous tenez entre vos mains, vous vous embarquez dans une aventure&#8230;<br \/>\n&#8230; comme lorsque vous jetez un caillou dans un lac calme et qu&#8217;il commence \u00e0 cr\u00e9er des ondulations circulaires qui s&#8217;\u00e9talent<br \/>\n&#8230;comme lorsqu&#8217;un faisceau de lumi\u00e8re passe \u00e0 travers un prisme et est dispers\u00e9 dans les couleurs de son spectre&#8230;<br \/>\n&#8230; comme lorsque vous suivez le fil d&#8217;Ariane.<br \/>\n&#8230;comme la question dans la philosophie zen de savoir si c&#8217;est le pont qui bouge ou la rivi\u00e8re&#8230;<br \/>\n&#8230;simple, n&#8217;est-ce pas ?<br \/>\nLorsque vous \u00eates dans une pi\u00e8ce sombre, vous apprenez \u00e0 faire un geste simple : appuyer sur l&#8217;interrupteur et allumer la lumi\u00e8re.<\/p>\n","protected":false},"excerpt":{"rendered":"<p>Avec ce livre que vous tenez entre vos mains, vous vous embarquez dans une aventure&#8230; &#8230; comme lorsque vous jetez un caillou dans un lac calme et qu&#8217;il commence \u00e0 cr\u00e9er des ondulations circulaires qui s&#8217;\u00e9talent &#8230;comme lorsqu&#8217;un faisceau de lumi\u00e8re passe \u00e0 travers un prisme et est dispers\u00e9 dans les couleurs de son spectre&#8230; [&#8230;]\n","protected":false},"featured_media":79120,"comment_status":"open","ping_status":"closed","template":"","meta":[],"product_brand":[],"product_cat":[25],"product_tag":[],"class_list":{"0":"post-79121","1":"product","2":"type-product","3":"status-publish","4":"has-post-thumbnail","6":"product_cat-vivlia","7":"pa_brand-megas-seirios","8":"pa_syngrafeas-andreas-dritsas","10":"first","11":"pre_order","12":"taxable","13":"shipping-taxable","14":"purchasable","15":"product-type-simple"},"yoast_head":"<!-- This site is optimized with the Yoast SEO plugin v27.4 - https:\/\/yoast.com\/product\/yoast-seo-wordpress\/ -->\n<title>...SIMPLE, NEST-CE PAS? - StampOn<\/title>\n<meta name=\"description\" content=\"Avec ce livre que vous tenez entre vos mains, vous vous embarquez dans une aventure... ... comme lorsque vous jetez un caillou dans un lac calme et qu&#039;il\" \/>\n<meta name=\"robots\" content=\"index, follow, max-snippet:-1, max-image-preview:large, max-video-preview:-1\" \/>\n<link rel=\"canonical\" href=\"https:\/\/stampon.gr\/SHOP\/product\/simple-nest-ce-pas\/\" \/>\n<meta property=\"og:locale\" content=\"el_GR\" \/>\n<meta property=\"og:type\" content=\"article\" \/>\n<meta property=\"og:title\" content=\"...SIMPLE, NEST-CE PAS? - StampOn\" \/>\n<meta property=\"og:description\" content=\"Avec ce livre que vous tenez entre vos mains, vous vous embarquez dans une aventure... ... comme lorsque vous jetez un caillou dans un lac calme et qu&#039;il\" \/>\n<meta property=\"og:url\" content=\"https:\/\/stampon.gr\/SHOP\/product\/simple-nest-ce-pas\/\" \/>\n<meta property=\"og:site_name\" content=\"StampOn\" \/>\n<meta property=\"article:publisher\" content=\"https:\/\/www.facebook.com\/StampOn\" \/>\n<meta property=\"article:modified_time\" content=\"2025-01-10T22:33:53+00:00\" \/>\n<meta property=\"og:image\" content=\"https:\/\/stampon.gr\/wp-content\/uploads\/2025\/01\/9786185223694.jpg\" \/>\n\t<meta property=\"og:image:width\" content=\"827\" \/>\n\t<meta property=\"og:image:height\" content=\"1240\" \/>\n\t<meta property=\"og:image:type\" content=\"image\/jpeg\" \/>\n<meta name=\"twitter:card\" content=\"summary_large_image\" \/>\n<meta name=\"twitter:label1\" content=\"\u0395\u03ba\u03c4\u03b9\u03bc\u03ce\u03bc\u03b5\u03bd\u03bf\u03c2 \u03c7\u03c1\u03cc\u03bd\u03bf\u03c2 \u03b1\u03bd\u03ac\u03b3\u03bd\u03c9\u03c3\u03b7\u03c2\" \/>\n\t<meta name=\"twitter:data1\" content=\"1 \u03bb\u03b5\u03c0\u03c4\u03cc\" \/>\n<script type=\"application\/ld+json\" class=\"yoast-schema-graph\">{\"@context\":\"https:\\\/\\\/schema.org\",\"@graph\":[{\"@type\":\"WebPage\",\"@id\":\"https:\\\/\\\/stampon.gr\\\/SHOP\\\/product\\\/simple-nest-ce-pas\\\/\",\"url\":\"https:\\\/\\\/stampon.gr\\\/SHOP\\\/product\\\/simple-nest-ce-pas\\\/\",\"name\":\"...SIMPLE, NEST-CE PAS? - StampOn\",\"isPartOf\":{\"@id\":\"https:\\\/\\\/stampon.gr\\\/SHOP\\\/#website\"},\"primaryImageOfPage\":{\"@id\":\"https:\\\/\\\/stampon.gr\\\/SHOP\\\/product\\\/simple-nest-ce-pas\\\/#primaryimage\"},\"image\":{\"@id\":\"https:\\\/\\\/stampon.gr\\\/SHOP\\\/product\\\/simple-nest-ce-pas\\\/#primaryimage\"},\"thumbnailUrl\":\"https:\\\/\\\/stampon.gr\\\/wp-content\\\/uploads\\\/2025\\\/01\\\/9786185223694.jpg\",\"datePublished\":\"2025-01-06T08:17:04+00:00\",\"dateModified\":\"2025-01-10T22:33:53+00:00\",\"description\":\"Avec ce livre que vous tenez entre vos mains, vous vous embarquez dans une aventure... ... comme lorsque vous jetez un caillou dans un lac calme et qu'il\",\"breadcrumb\":{\"@id\":\"https:\\\/\\\/stampon.gr\\\/SHOP\\\/product\\\/simple-nest-ce-pas\\\/#breadcrumb\"},\"inLanguage\":\"el\",\"potentialAction\":[{\"@type\":\"ReadAction\",\"target\":[\"https:\\\/\\\/stampon.gr\\\/SHOP\\\/product\\\/simple-nest-ce-pas\\\/\"]}]},{\"@type\":\"ImageObject\",\"inLanguage\":\"el\",\"@id\":\"https:\\\/\\\/stampon.gr\\\/SHOP\\\/product\\\/simple-nest-ce-pas\\\/#primaryimage\",\"url\":\"https:\\\/\\\/stampon.gr\\\/wp-content\\\/uploads\\\/2025\\\/01\\\/9786185223694.jpg\",\"contentUrl\":\"https:\\\/\\\/stampon.gr\\\/wp-content\\\/uploads\\\/2025\\\/01\\\/9786185223694.jpg\",\"width\":827,\"height\":1240},{\"@type\":\"BreadcrumbList\",\"@id\":\"https:\\\/\\\/stampon.gr\\\/SHOP\\\/product\\\/simple-nest-ce-pas\\\/#breadcrumb\",\"itemListElement\":[{\"@type\":\"ListItem\",\"position\":1,\"name\":\"\u0391\u03c1\u03c7\u03b9\u03ba\u03ae\",\"item\":\"https:\\\/\\\/stampon.gr\\\/SHOP\\\/\"},{\"@type\":\"ListItem\",\"position\":2,\"name\":\"\u039a\u03b1\u03c4\u03ac\u03c3\u03c4\u03b7\u03bc\u03b1\",\"item\":\"https:\\\/\\\/stampon.gr\\\/SHOP\\\/shop\\\/\"},{\"@type\":\"ListItem\",\"position\":3,\"name\":\"&#8230;SIMPLE, NEST-CE PAS?\"}]},{\"@type\":\"WebSite\",\"@id\":\"https:\\\/\\\/stampon.gr\\\/SHOP\\\/#website\",\"url\":\"https:\\\/\\\/stampon.gr\\\/SHOP\\\/\",\"name\":\"StampOn\",\"description\":\"\u0388\u03bd\u03b1 \u03b4\u03b9\u03b1\u03c6\u03bf\u03c1\u03b5\u03c4\u03b9\u03ba\u03cc \u03a6\u03c9\u03c4\u03bf\u03c4\u03c5\u03c0\u03b9\u03ba\u03cc \u039a\u03ad\u03bd\u03c4\u03c1\u03bf - \u0392\u03b9\u03b2\u03bb\u03af\u03bf\u03c0\u03c9\u03bb\u03b5\u03af\u03bf...\",\"publisher\":{\"@id\":\"https:\\\/\\\/stampon.gr\\\/SHOP\\\/#organization\"},\"potentialAction\":[{\"@type\":\"SearchAction\",\"target\":{\"@type\":\"EntryPoint\",\"urlTemplate\":\"https:\\\/\\\/stampon.gr\\\/SHOP\\\/?s={search_term_string}\"},\"query-input\":{\"@type\":\"PropertyValueSpecification\",\"valueRequired\":true,\"valueName\":\"search_term_string\"}}],\"inLanguage\":\"el\"},{\"@type\":\"Organization\",\"@id\":\"https:\\\/\\\/stampon.gr\\\/SHOP\\\/#organization\",\"name\":\"StampOn\",\"url\":\"https:\\\/\\\/stampon.gr\\\/SHOP\\\/\",\"logo\":{\"@type\":\"ImageObject\",\"inLanguage\":\"el\",\"@id\":\"https:\\\/\\\/stampon.gr\\\/SHOP\\\/#\\\/schema\\\/logo\\\/image\\\/\",\"url\":\"https:\\\/\\\/stampon.gr\\\/wp-content\\\/uploads\\\/2021\\\/05\\\/StampOn-Logo.png\",\"contentUrl\":\"https:\\\/\\\/stampon.gr\\\/wp-content\\\/uploads\\\/2021\\\/05\\\/StampOn-Logo.png\",\"width\":240,\"height\":50,\"caption\":\"StampOn\"},\"image\":{\"@id\":\"https:\\\/\\\/stampon.gr\\\/SHOP\\\/#\\\/schema\\\/logo\\\/image\\\/\"},\"sameAs\":[\"https:\\\/\\\/www.facebook.com\\\/StampOn\",\"https:\\\/\\\/www.instagram.com\\\/stampon.gr\\\/\"]}]}<\/script>\n<!-- \/ Yoast SEO plugin. -->","yoast_head_json":{"title":"...SIMPLE, NEST-CE PAS? - StampOn","description":"Avec ce livre que vous tenez entre vos mains, vous vous embarquez dans une aventure... ... comme lorsque vous jetez un caillou dans un lac calme et qu'il","robots":{"index":"index","follow":"follow","max-snippet":"max-snippet:-1","max-image-preview":"max-image-preview:large","max-video-preview":"max-video-preview:-1"},"canonical":"https:\/\/stampon.gr\/SHOP\/product\/simple-nest-ce-pas\/","og_locale":"el_GR","og_type":"article","og_title":"...SIMPLE, NEST-CE PAS? - StampOn","og_description":"Avec ce livre que vous tenez entre vos mains, vous vous embarquez dans une aventure... ... comme lorsque vous jetez un caillou dans un lac calme et qu'il","og_url":"https:\/\/stampon.gr\/SHOP\/product\/simple-nest-ce-pas\/","og_site_name":"StampOn","article_publisher":"https:\/\/www.facebook.com\/StampOn","article_modified_time":"2025-01-10T22:33:53+00:00","og_image":[{"width":827,"height":1240,"url":"https:\/\/stampon.gr\/wp-content\/uploads\/2025\/01\/9786185223694.jpg","type":"image\/jpeg"}],"twitter_card":"summary_large_image","twitter_misc":{"\u0395\u03ba\u03c4\u03b9\u03bc\u03ce\u03bc\u03b5\u03bd\u03bf\u03c2 \u03c7\u03c1\u03cc\u03bd\u03bf\u03c2 \u03b1\u03bd\u03ac\u03b3\u03bd\u03c9\u03c3\u03b7\u03c2":"1 \u03bb\u03b5\u03c0\u03c4\u03cc"},"schema":{"@context":"https:\/\/schema.org","@graph":[{"@type":"WebPage","@id":"https:\/\/stampon.gr\/SHOP\/product\/simple-nest-ce-pas\/","url":"https:\/\/stampon.gr\/SHOP\/product\/simple-nest-ce-pas\/","name":"...SIMPLE, NEST-CE PAS? - StampOn","isPartOf":{"@id":"https:\/\/stampon.gr\/SHOP\/#website"},"primaryImageOfPage":{"@id":"https:\/\/stampon.gr\/SHOP\/product\/simple-nest-ce-pas\/#primaryimage"},"image":{"@id":"https:\/\/stampon.gr\/SHOP\/product\/simple-nest-ce-pas\/#primaryimage"},"thumbnailUrl":"https:\/\/stampon.gr\/wp-content\/uploads\/2025\/01\/9786185223694.jpg","datePublished":"2025-01-06T08:17:04+00:00","dateModified":"2025-01-10T22:33:53+00:00","description":"Avec ce livre que vous tenez entre vos mains, vous vous embarquez dans une aventure... ... comme lorsque vous jetez un caillou dans un lac calme et qu'il","breadcrumb":{"@id":"https:\/\/stampon.gr\/SHOP\/product\/simple-nest-ce-pas\/#breadcrumb"},"inLanguage":"el","potentialAction":[{"@type":"ReadAction","target":["https:\/\/stampon.gr\/SHOP\/product\/simple-nest-ce-pas\/"]}]},{"@type":"ImageObject","inLanguage":"el","@id":"https:\/\/stampon.gr\/SHOP\/product\/simple-nest-ce-pas\/#primaryimage","url":"https:\/\/stampon.gr\/wp-content\/uploads\/2025\/01\/9786185223694.jpg","contentUrl":"https:\/\/stampon.gr\/wp-content\/uploads\/2025\/01\/9786185223694.jpg","width":827,"height":1240},{"@type":"BreadcrumbList","@id":"https:\/\/stampon.gr\/SHOP\/product\/simple-nest-ce-pas\/#breadcrumb","itemListElement":[{"@type":"ListItem","position":1,"name":"\u0391\u03c1\u03c7\u03b9\u03ba\u03ae","item":"https:\/\/stampon.gr\/SHOP\/"},{"@type":"ListItem","position":2,"name":"\u039a\u03b1\u03c4\u03ac\u03c3\u03c4\u03b7\u03bc\u03b1","item":"https:\/\/stampon.gr\/SHOP\/shop\/"},{"@type":"ListItem","position":3,"name":"&#8230;SIMPLE, NEST-CE PAS?"}]},{"@type":"WebSite","@id":"https:\/\/stampon.gr\/SHOP\/#website","url":"https:\/\/stampon.gr\/SHOP\/","name":"StampOn","description":"\u0388\u03bd\u03b1 \u03b4\u03b9\u03b1\u03c6\u03bf\u03c1\u03b5\u03c4\u03b9\u03ba\u03cc \u03a6\u03c9\u03c4\u03bf\u03c4\u03c5\u03c0\u03b9\u03ba\u03cc \u039a\u03ad\u03bd\u03c4\u03c1\u03bf - \u0392\u03b9\u03b2\u03bb\u03af\u03bf\u03c0\u03c9\u03bb\u03b5\u03af\u03bf...","publisher":{"@id":"https:\/\/stampon.gr\/SHOP\/#organization"},"potentialAction":[{"@type":"SearchAction","target":{"@type":"EntryPoint","urlTemplate":"https:\/\/stampon.gr\/SHOP\/?s={search_term_string}"},"query-input":{"@type":"PropertyValueSpecification","valueRequired":true,"valueName":"search_term_string"}}],"inLanguage":"el"},{"@type":"Organization","@id":"https:\/\/stampon.gr\/SHOP\/#organization","name":"StampOn","url":"https:\/\/stampon.gr\/SHOP\/","logo":{"@type":"ImageObject","inLanguage":"el","@id":"https:\/\/stampon.gr\/SHOP\/#\/schema\/logo\/image\/","url":"https:\/\/stampon.gr\/wp-content\/uploads\/2021\/05\/StampOn-Logo.png","contentUrl":"https:\/\/stampon.gr\/wp-content\/uploads\/2021\/05\/StampOn-Logo.png","width":240,"height":50,"caption":"StampOn"},"image":{"@id":"https:\/\/stampon.gr\/SHOP\/#\/schema\/logo\/image\/"},"sameAs":["https:\/\/www.facebook.com\/StampOn","https:\/\/www.instagram.com\/stampon.gr\/"]}]}},"_links":{"self":[{"href":"https:\/\/stampon.gr\/SHOP\/wp-json\/wp\/v2\/product\/79121","targetHints":{"allow":["GET"]}}],"collection":[{"href":"https:\/\/stampon.gr\/SHOP\/wp-json\/wp\/v2\/product"}],"about":[{"href":"https:\/\/stampon.gr\/SHOP\/wp-json\/wp\/v2\/types\/product"}],"replies":[{"embeddable":true,"href":"https:\/\/stampon.gr\/SHOP\/wp-json\/wp\/v2\/comments?post=79121"}],"wp:featuredmedia":[{"embeddable":true,"href":"https:\/\/stampon.gr\/SHOP\/wp-json\/wp\/v2\/media\/79120"}],"wp:attachment":[{"href":"https:\/\/stampon.gr\/SHOP\/wp-json\/wp\/v2\/media?parent=79121"}],"wp:term":[{"taxonomy":"product_brand","embeddable":true,"href":"https:\/\/stampon.gr\/SHOP\/wp-json\/wp\/v2\/product_brand?post=79121"},{"taxonomy":"product_cat","embeddable":true,"href":"https:\/\/stampon.gr\/SHOP\/wp-json\/wp\/v2\/product_cat?post=79121"},{"taxonomy":"product_tag","embeddable":true,"href":"https:\/\/stampon.gr\/SHOP\/wp-json\/wp\/v2\/product_tag?post=79121"}],"curies":[{"name":"wp","href":"https:\/\/api.w.org\/{rel}","templated":true}]}}