{"id":93503,"date":"2025-01-14T06:43:58","date_gmt":"2025-01-14T04:43:58","guid":{"rendered":"https:\/\/stampon.gr\/SHOP\/product\/was-ist-das\/"},"modified":"2025-01-14T07:50:43","modified_gmt":"2025-01-14T05:50:43","slug":"was-ist-das","status":"publish","type":"product","link":"https:\/\/stampon.gr\/SHOP\/product\/was-ist-das\/","title":{"rendered":"WAS IST DAS ?"},"content":{"rendered":"<p>Was ist das? ist ein Spiel mit Fotokarten, mit dem man den Wortschatz erweitern kann, die Beschreibung von Gegenst\u00e4nden aus dem Alltag \u00fcben und \u00fcber die verschiedenen Materialien sprechen kann, aus denen sie bestehen.<\/p>\n","protected":false},"excerpt":{"rendered":"<p>Was ist das? ist ein Spiel mit Fotokarten, mit dem man den Wortschatz erweitern kann, die Beschreibung von Gegenst\u00e4nden aus dem Alltag \u00fcben und \u00fcber die verschiedenen Materialien sprechen kann, aus denen sie bestehen.<\/p>\n","protected":false},"featured_media":93502,"comment_status":"open","ping_status":"closed","template":"","meta":[],"product_brand":[],"product_cat":[14176],"product_tag":[],"class_list":{"0":"post-93503","1":"product","2":"type-product","3":"status-publish","4":"has-post-thumbnail","6":"product_cat-ekpaidevtika-xenoglossa-vivlia","7":"pa_brand-eli-publishing","8":"pa_syngrafeas-chiara-colucci","10":"first","11":"pre_order","12":"taxable","13":"shipping-taxable","14":"purchasable","15":"product-type-simple"},"yoast_head":"<!-- This site is optimized with the Yoast SEO plugin v27.4 - https:\/\/yoast.com\/product\/yoast-seo-wordpress\/ -->\n<title>WAS IST DAS ? - StampOn<\/title>\n<meta name=\"description\" content=\"Was ist das? ist ein Spiel mit Fotokarten, mit dem man den Wortschatz erweitern kann, die Beschreibung von Gegenst\u00e4nden aus dem Alltag \u00fcben und \u00fcber die\" \/>\n<meta name=\"robots\" content=\"index, follow, max-snippet:-1, max-image-preview:large, max-video-preview:-1\" \/>\n<link rel=\"canonical\" href=\"https:\/\/stampon.gr\/SHOP\/product\/was-ist-das\/\" \/>\n<meta property=\"og:locale\" content=\"el_GR\" \/>\n<meta property=\"og:type\" content=\"article\" \/>\n<meta property=\"og:title\" content=\"WAS IST DAS ? - StampOn\" \/>\n<meta property=\"og:description\" content=\"Was ist das? ist ein Spiel mit Fotokarten, mit dem man den Wortschatz erweitern kann, die Beschreibung von Gegenst\u00e4nden aus dem Alltag \u00fcben und \u00fcber die\" \/>\n<meta property=\"og:url\" content=\"https:\/\/stampon.gr\/SHOP\/product\/was-ist-das\/\" \/>\n<meta property=\"og:site_name\" content=\"StampOn\" \/>\n<meta property=\"article:publisher\" content=\"https:\/\/www.facebook.com\/StampOn\" \/>\n<meta property=\"article:modified_time\" content=\"2025-01-14T05:50:43+00:00\" \/>\n<meta property=\"og:image\" content=\"https:\/\/stampon.gr\/wp-content\/uploads\/2025\/01\/9788853638489.jpg\" \/>\n\t<meta property=\"og:image:width\" content=\"486\" \/>\n\t<meta property=\"og:image:height\" content=\"340\" \/>\n\t<meta property=\"og:image:type\" content=\"image\/jpeg\" \/>\n<meta name=\"twitter:card\" content=\"summary_large_image\" \/>\n<script type=\"application\/ld+json\" class=\"yoast-schema-graph\">{\"@context\":\"https:\\\/\\\/schema.org\",\"@graph\":[{\"@type\":\"WebPage\",\"@id\":\"https:\\\/\\\/stampon.gr\\\/SHOP\\\/product\\\/was-ist-das\\\/\",\"url\":\"https:\\\/\\\/stampon.gr\\\/SHOP\\\/product\\\/was-ist-das\\\/\",\"name\":\"WAS IST DAS ? - StampOn\",\"isPartOf\":{\"@id\":\"https:\\\/\\\/stampon.gr\\\/SHOP\\\/#website\"},\"primaryImageOfPage\":{\"@id\":\"https:\\\/\\\/stampon.gr\\\/SHOP\\\/product\\\/was-ist-das\\\/#primaryimage\"},\"image\":{\"@id\":\"https:\\\/\\\/stampon.gr\\\/SHOP\\\/product\\\/was-ist-das\\\/#primaryimage\"},\"thumbnailUrl\":\"https:\\\/\\\/stampon.gr\\\/wp-content\\\/uploads\\\/2025\\\/01\\\/9788853638489.jpg\",\"datePublished\":\"2025-01-14T04:43:58+00:00\",\"dateModified\":\"2025-01-14T05:50:43+00:00\",\"description\":\"Was ist das? ist ein Spiel mit Fotokarten, mit dem man den Wortschatz erweitern kann, die Beschreibung von Gegenst\u00e4nden aus dem Alltag \u00fcben und \u00fcber die\",\"breadcrumb\":{\"@id\":\"https:\\\/\\\/stampon.gr\\\/SHOP\\\/product\\\/was-ist-das\\\/#breadcrumb\"},\"inLanguage\":\"el\",\"potentialAction\":[{\"@type\":\"ReadAction\",\"target\":[\"https:\\\/\\\/stampon.gr\\\/SHOP\\\/product\\\/was-ist-das\\\/\"]}]},{\"@type\":\"ImageObject\",\"inLanguage\":\"el\",\"@id\":\"https:\\\/\\\/stampon.gr\\\/SHOP\\\/product\\\/was-ist-das\\\/#primaryimage\",\"url\":\"https:\\\/\\\/stampon.gr\\\/wp-content\\\/uploads\\\/2025\\\/01\\\/9788853638489.jpg\",\"contentUrl\":\"https:\\\/\\\/stampon.gr\\\/wp-content\\\/uploads\\\/2025\\\/01\\\/9788853638489.jpg\",\"width\":486,\"height\":340},{\"@type\":\"BreadcrumbList\",\"@id\":\"https:\\\/\\\/stampon.gr\\\/SHOP\\\/product\\\/was-ist-das\\\/#breadcrumb\",\"itemListElement\":[{\"@type\":\"ListItem\",\"position\":1,\"name\":\"\u0391\u03c1\u03c7\u03b9\u03ba\u03ae\",\"item\":\"https:\\\/\\\/stampon.gr\\\/SHOP\\\/\"},{\"@type\":\"ListItem\",\"position\":2,\"name\":\"\u039a\u03b1\u03c4\u03ac\u03c3\u03c4\u03b7\u03bc\u03b1\",\"item\":\"https:\\\/\\\/stampon.gr\\\/SHOP\\\/shop\\\/\"},{\"@type\":\"ListItem\",\"position\":3,\"name\":\"WAS IST DAS ?\"}]},{\"@type\":\"WebSite\",\"@id\":\"https:\\\/\\\/stampon.gr\\\/SHOP\\\/#website\",\"url\":\"https:\\\/\\\/stampon.gr\\\/SHOP\\\/\",\"name\":\"StampOn\",\"description\":\"\u0388\u03bd\u03b1 \u03b4\u03b9\u03b1\u03c6\u03bf\u03c1\u03b5\u03c4\u03b9\u03ba\u03cc \u03a6\u03c9\u03c4\u03bf\u03c4\u03c5\u03c0\u03b9\u03ba\u03cc \u039a\u03ad\u03bd\u03c4\u03c1\u03bf - \u0392\u03b9\u03b2\u03bb\u03af\u03bf\u03c0\u03c9\u03bb\u03b5\u03af\u03bf...\",\"publisher\":{\"@id\":\"https:\\\/\\\/stampon.gr\\\/SHOP\\\/#organization\"},\"potentialAction\":[{\"@type\":\"SearchAction\",\"target\":{\"@type\":\"EntryPoint\",\"urlTemplate\":\"https:\\\/\\\/stampon.gr\\\/SHOP\\\/?s={search_term_string}\"},\"query-input\":{\"@type\":\"PropertyValueSpecification\",\"valueRequired\":true,\"valueName\":\"search_term_string\"}}],\"inLanguage\":\"el\"},{\"@type\":\"Organization\",\"@id\":\"https:\\\/\\\/stampon.gr\\\/SHOP\\\/#organization\",\"name\":\"StampOn\",\"url\":\"https:\\\/\\\/stampon.gr\\\/SHOP\\\/\",\"logo\":{\"@type\":\"ImageObject\",\"inLanguage\":\"el\",\"@id\":\"https:\\\/\\\/stampon.gr\\\/SHOP\\\/#\\\/schema\\\/logo\\\/image\\\/\",\"url\":\"https:\\\/\\\/stampon.gr\\\/wp-content\\\/uploads\\\/2021\\\/05\\\/StampOn-Logo.png\",\"contentUrl\":\"https:\\\/\\\/stampon.gr\\\/wp-content\\\/uploads\\\/2021\\\/05\\\/StampOn-Logo.png\",\"width\":240,\"height\":50,\"caption\":\"StampOn\"},\"image\":{\"@id\":\"https:\\\/\\\/stampon.gr\\\/SHOP\\\/#\\\/schema\\\/logo\\\/image\\\/\"},\"sameAs\":[\"https:\\\/\\\/www.facebook.com\\\/StampOn\",\"https:\\\/\\\/www.instagram.com\\\/stampon.gr\\\/\"]}]}<\/script>\n<!-- \/ Yoast SEO plugin. -->","yoast_head_json":{"title":"WAS IST DAS ? - StampOn","description":"Was ist das? ist ein Spiel mit Fotokarten, mit dem man den Wortschatz erweitern kann, die Beschreibung von Gegenst\u00e4nden aus dem Alltag \u00fcben und \u00fcber die","robots":{"index":"index","follow":"follow","max-snippet":"max-snippet:-1","max-image-preview":"max-image-preview:large","max-video-preview":"max-video-preview:-1"},"canonical":"https:\/\/stampon.gr\/SHOP\/product\/was-ist-das\/","og_locale":"el_GR","og_type":"article","og_title":"WAS IST DAS ? - StampOn","og_description":"Was ist das? ist ein Spiel mit Fotokarten, mit dem man den Wortschatz erweitern kann, die Beschreibung von Gegenst\u00e4nden aus dem Alltag \u00fcben und \u00fcber die","og_url":"https:\/\/stampon.gr\/SHOP\/product\/was-ist-das\/","og_site_name":"StampOn","article_publisher":"https:\/\/www.facebook.com\/StampOn","article_modified_time":"2025-01-14T05:50:43+00:00","og_image":[{"width":486,"height":340,"url":"https:\/\/stampon.gr\/wp-content\/uploads\/2025\/01\/9788853638489.jpg","type":"image\/jpeg"}],"twitter_card":"summary_large_image","schema":{"@context":"https:\/\/schema.org","@graph":[{"@type":"WebPage","@id":"https:\/\/stampon.gr\/SHOP\/product\/was-ist-das\/","url":"https:\/\/stampon.gr\/SHOP\/product\/was-ist-das\/","name":"WAS IST DAS ? - StampOn","isPartOf":{"@id":"https:\/\/stampon.gr\/SHOP\/#website"},"primaryImageOfPage":{"@id":"https:\/\/stampon.gr\/SHOP\/product\/was-ist-das\/#primaryimage"},"image":{"@id":"https:\/\/stampon.gr\/SHOP\/product\/was-ist-das\/#primaryimage"},"thumbnailUrl":"https:\/\/stampon.gr\/wp-content\/uploads\/2025\/01\/9788853638489.jpg","datePublished":"2025-01-14T04:43:58+00:00","dateModified":"2025-01-14T05:50:43+00:00","description":"Was ist das? ist ein Spiel mit Fotokarten, mit dem man den Wortschatz erweitern kann, die Beschreibung von Gegenst\u00e4nden aus dem Alltag \u00fcben und \u00fcber die","breadcrumb":{"@id":"https:\/\/stampon.gr\/SHOP\/product\/was-ist-das\/#breadcrumb"},"inLanguage":"el","potentialAction":[{"@type":"ReadAction","target":["https:\/\/stampon.gr\/SHOP\/product\/was-ist-das\/"]}]},{"@type":"ImageObject","inLanguage":"el","@id":"https:\/\/stampon.gr\/SHOP\/product\/was-ist-das\/#primaryimage","url":"https:\/\/stampon.gr\/wp-content\/uploads\/2025\/01\/9788853638489.jpg","contentUrl":"https:\/\/stampon.gr\/wp-content\/uploads\/2025\/01\/9788853638489.jpg","width":486,"height":340},{"@type":"BreadcrumbList","@id":"https:\/\/stampon.gr\/SHOP\/product\/was-ist-das\/#breadcrumb","itemListElement":[{"@type":"ListItem","position":1,"name":"\u0391\u03c1\u03c7\u03b9\u03ba\u03ae","item":"https:\/\/stampon.gr\/SHOP\/"},{"@type":"ListItem","position":2,"name":"\u039a\u03b1\u03c4\u03ac\u03c3\u03c4\u03b7\u03bc\u03b1","item":"https:\/\/stampon.gr\/SHOP\/shop\/"},{"@type":"ListItem","position":3,"name":"WAS IST DAS ?"}]},{"@type":"WebSite","@id":"https:\/\/stampon.gr\/SHOP\/#website","url":"https:\/\/stampon.gr\/SHOP\/","name":"StampOn","description":"\u0388\u03bd\u03b1 \u03b4\u03b9\u03b1\u03c6\u03bf\u03c1\u03b5\u03c4\u03b9\u03ba\u03cc \u03a6\u03c9\u03c4\u03bf\u03c4\u03c5\u03c0\u03b9\u03ba\u03cc \u039a\u03ad\u03bd\u03c4\u03c1\u03bf - \u0392\u03b9\u03b2\u03bb\u03af\u03bf\u03c0\u03c9\u03bb\u03b5\u03af\u03bf...","publisher":{"@id":"https:\/\/stampon.gr\/SHOP\/#organization"},"potentialAction":[{"@type":"SearchAction","target":{"@type":"EntryPoint","urlTemplate":"https:\/\/stampon.gr\/SHOP\/?s={search_term_string}"},"query-input":{"@type":"PropertyValueSpecification","valueRequired":true,"valueName":"search_term_string"}}],"inLanguage":"el"},{"@type":"Organization","@id":"https:\/\/stampon.gr\/SHOP\/#organization","name":"StampOn","url":"https:\/\/stampon.gr\/SHOP\/","logo":{"@type":"ImageObject","inLanguage":"el","@id":"https:\/\/stampon.gr\/SHOP\/#\/schema\/logo\/image\/","url":"https:\/\/stampon.gr\/wp-content\/uploads\/2021\/05\/StampOn-Logo.png","contentUrl":"https:\/\/stampon.gr\/wp-content\/uploads\/2021\/05\/StampOn-Logo.png","width":240,"height":50,"caption":"StampOn"},"image":{"@id":"https:\/\/stampon.gr\/SHOP\/#\/schema\/logo\/image\/"},"sameAs":["https:\/\/www.facebook.com\/StampOn","https:\/\/www.instagram.com\/stampon.gr\/"]}]}},"_links":{"self":[{"href":"https:\/\/stampon.gr\/SHOP\/wp-json\/wp\/v2\/product\/93503","targetHints":{"allow":["GET"]}}],"collection":[{"href":"https:\/\/stampon.gr\/SHOP\/wp-json\/wp\/v2\/product"}],"about":[{"href":"https:\/\/stampon.gr\/SHOP\/wp-json\/wp\/v2\/types\/product"}],"replies":[{"embeddable":true,"href":"https:\/\/stampon.gr\/SHOP\/wp-json\/wp\/v2\/comments?post=93503"}],"wp:featuredmedia":[{"embeddable":true,"href":"https:\/\/stampon.gr\/SHOP\/wp-json\/wp\/v2\/media\/93502"}],"wp:attachment":[{"href":"https:\/\/stampon.gr\/SHOP\/wp-json\/wp\/v2\/media?parent=93503"}],"wp:term":[{"taxonomy":"product_brand","embeddable":true,"href":"https:\/\/stampon.gr\/SHOP\/wp-json\/wp\/v2\/product_brand?post=93503"},{"taxonomy":"product_cat","embeddable":true,"href":"https:\/\/stampon.gr\/SHOP\/wp-json\/wp\/v2\/product_cat?post=93503"},{"taxonomy":"product_tag","embeddable":true,"href":"https:\/\/stampon.gr\/SHOP\/wp-json\/wp\/v2\/product_tag?post=93503"}],"curies":[{"name":"wp","href":"https:\/\/api.w.org\/{rel}","templated":true}]}}