{"id":95750,"date":"2025-01-14T07:19:27","date_gmt":"2025-01-14T05:19:27","guid":{"rendered":"https:\/\/stampon.gr\/SHOP\/product\/twisted-dreams\/"},"modified":"2025-01-14T07:28:25","modified_gmt":"2025-01-14T05:28:25","slug":"twisted-dreams","status":"publish","type":"product","link":"https:\/\/stampon.gr\/SHOP\/product\/twisted-dreams\/","title":{"rendered":"TWISTED DREAMS"},"content":{"rendered":"<p>Als der beste Freund ihres Bruders in ihr Nachbarhaus zieht, \u00e4ndert sich Ava Chens Leben von Grund auf. Alex Volkov sieht aus wie die S\u00fcnde und ist kalt wie Eis. Aber Ava schafft es, seine Mauern Stein um Stein einzurei\u00dfen, und je besser sie den Multimillion\u00e4r kennenlernt, desto weniger kann sie sich seiner Anziehungskraft entziehen. Schon bald kann auch Alex die ungewohnten Gef\u00fchle nicht l\u00e4nger leugnen. Doch er hat eine dunkle Vergangenheit, der er nicht entfliehen kann und die eine Liebe zwischen ihnen unm\u00f6glich macht &#8230;<\/p>\n","protected":false},"excerpt":{"rendered":"<p>Als der beste Freund ihres Bruders in ihr Nachbarhaus zieht, \u00e4ndert sich Ava Chens Leben von Grund auf. Alex Volkov sieht aus wie die S\u00fcnde und ist kalt wie Eis. Aber Ava schafft es, seine Mauern Stein um Stein einzurei\u00dfen, und je besser sie den Multimillion\u00e4r kennenlernt, desto weniger kann sie sich seiner Anziehungskraft entziehen. [&#8230;]\n","protected":false},"featured_media":95749,"comment_status":"open","ping_status":"closed","template":"","meta":[],"product_brand":[],"product_cat":[712],"product_tag":[],"class_list":{"0":"post-95750","1":"product","2":"type-product","3":"status-publish","4":"has-post-thumbnail","6":"product_cat-xenoglossa-vivlia","7":"pa_brand-lyx","8":"pa_syngrafeas-ana-huang","10":"first","11":"pre_order","12":"taxable","13":"shipping-taxable","14":"purchasable","15":"product-type-simple"},"yoast_head":"<!-- This site is optimized with the Yoast SEO plugin v27.4 - https:\/\/yoast.com\/product\/yoast-seo-wordpress\/ -->\n<title>TWISTED DREAMS - StampOn<\/title>\n<meta name=\"description\" content=\"Als der beste Freund ihres Bruders in ihr Nachbarhaus zieht, \u00e4ndert sich Ava Chens Leben von Grund auf. Alex Volkov sieht aus wie die S\u00fcnde und ist kalt\" \/>\n<meta name=\"robots\" content=\"index, follow, max-snippet:-1, max-image-preview:large, max-video-preview:-1\" \/>\n<link rel=\"canonical\" href=\"https:\/\/stampon.gr\/SHOP\/product\/twisted-dreams\/\" \/>\n<meta property=\"og:locale\" content=\"el_GR\" \/>\n<meta property=\"og:type\" content=\"article\" \/>\n<meta property=\"og:title\" content=\"TWISTED DREAMS - StampOn\" \/>\n<meta property=\"og:description\" content=\"Als der beste Freund ihres Bruders in ihr Nachbarhaus zieht, \u00e4ndert sich Ava Chens Leben von Grund auf. Alex Volkov sieht aus wie die S\u00fcnde und ist kalt\" \/>\n<meta property=\"og:url\" content=\"https:\/\/stampon.gr\/SHOP\/product\/twisted-dreams\/\" \/>\n<meta property=\"og:site_name\" content=\"StampOn\" \/>\n<meta property=\"article:publisher\" content=\"https:\/\/www.facebook.com\/StampOn\" \/>\n<meta property=\"article:modified_time\" content=\"2025-01-14T05:28:25+00:00\" \/>\n<meta property=\"og:image\" content=\"https:\/\/stampon.gr\/wp-content\/uploads\/2025\/01\/9783736319127.jpg\" \/>\n\t<meta property=\"og:image:width\" content=\"293\" \/>\n\t<meta property=\"og:image:height\" content=\"466\" \/>\n\t<meta property=\"og:image:type\" content=\"image\/jpeg\" \/>\n<meta name=\"twitter:card\" content=\"summary_large_image\" \/>\n<script type=\"application\/ld+json\" class=\"yoast-schema-graph\">{\"@context\":\"https:\\\/\\\/schema.org\",\"@graph\":[{\"@type\":\"WebPage\",\"@id\":\"https:\\\/\\\/stampon.gr\\\/SHOP\\\/product\\\/twisted-dreams\\\/\",\"url\":\"https:\\\/\\\/stampon.gr\\\/SHOP\\\/product\\\/twisted-dreams\\\/\",\"name\":\"TWISTED DREAMS - StampOn\",\"isPartOf\":{\"@id\":\"https:\\\/\\\/stampon.gr\\\/SHOP\\\/#website\"},\"primaryImageOfPage\":{\"@id\":\"https:\\\/\\\/stampon.gr\\\/SHOP\\\/product\\\/twisted-dreams\\\/#primaryimage\"},\"image\":{\"@id\":\"https:\\\/\\\/stampon.gr\\\/SHOP\\\/product\\\/twisted-dreams\\\/#primaryimage\"},\"thumbnailUrl\":\"https:\\\/\\\/stampon.gr\\\/wp-content\\\/uploads\\\/2025\\\/01\\\/9783736319127.jpg\",\"datePublished\":\"2025-01-14T05:19:27+00:00\",\"dateModified\":\"2025-01-14T05:28:25+00:00\",\"description\":\"Als der beste Freund ihres Bruders in ihr Nachbarhaus zieht, \u00e4ndert sich Ava Chens Leben von Grund auf. Alex Volkov sieht aus wie die S\u00fcnde und ist kalt\",\"breadcrumb\":{\"@id\":\"https:\\\/\\\/stampon.gr\\\/SHOP\\\/product\\\/twisted-dreams\\\/#breadcrumb\"},\"inLanguage\":\"el\",\"potentialAction\":[{\"@type\":\"ReadAction\",\"target\":[\"https:\\\/\\\/stampon.gr\\\/SHOP\\\/product\\\/twisted-dreams\\\/\"]}]},{\"@type\":\"ImageObject\",\"inLanguage\":\"el\",\"@id\":\"https:\\\/\\\/stampon.gr\\\/SHOP\\\/product\\\/twisted-dreams\\\/#primaryimage\",\"url\":\"https:\\\/\\\/stampon.gr\\\/wp-content\\\/uploads\\\/2025\\\/01\\\/9783736319127.jpg\",\"contentUrl\":\"https:\\\/\\\/stampon.gr\\\/wp-content\\\/uploads\\\/2025\\\/01\\\/9783736319127.jpg\",\"width\":293,\"height\":466},{\"@type\":\"BreadcrumbList\",\"@id\":\"https:\\\/\\\/stampon.gr\\\/SHOP\\\/product\\\/twisted-dreams\\\/#breadcrumb\",\"itemListElement\":[{\"@type\":\"ListItem\",\"position\":1,\"name\":\"\u0391\u03c1\u03c7\u03b9\u03ba\u03ae\",\"item\":\"https:\\\/\\\/stampon.gr\\\/SHOP\\\/\"},{\"@type\":\"ListItem\",\"position\":2,\"name\":\"\u039a\u03b1\u03c4\u03ac\u03c3\u03c4\u03b7\u03bc\u03b1\",\"item\":\"https:\\\/\\\/stampon.gr\\\/SHOP\\\/shop\\\/\"},{\"@type\":\"ListItem\",\"position\":3,\"name\":\"TWISTED DREAMS\"}]},{\"@type\":\"WebSite\",\"@id\":\"https:\\\/\\\/stampon.gr\\\/SHOP\\\/#website\",\"url\":\"https:\\\/\\\/stampon.gr\\\/SHOP\\\/\",\"name\":\"StampOn\",\"description\":\"\u0388\u03bd\u03b1 \u03b4\u03b9\u03b1\u03c6\u03bf\u03c1\u03b5\u03c4\u03b9\u03ba\u03cc \u03a6\u03c9\u03c4\u03bf\u03c4\u03c5\u03c0\u03b9\u03ba\u03cc \u039a\u03ad\u03bd\u03c4\u03c1\u03bf - \u0392\u03b9\u03b2\u03bb\u03af\u03bf\u03c0\u03c9\u03bb\u03b5\u03af\u03bf...\",\"publisher\":{\"@id\":\"https:\\\/\\\/stampon.gr\\\/SHOP\\\/#organization\"},\"potentialAction\":[{\"@type\":\"SearchAction\",\"target\":{\"@type\":\"EntryPoint\",\"urlTemplate\":\"https:\\\/\\\/stampon.gr\\\/SHOP\\\/?s={search_term_string}\"},\"query-input\":{\"@type\":\"PropertyValueSpecification\",\"valueRequired\":true,\"valueName\":\"search_term_string\"}}],\"inLanguage\":\"el\"},{\"@type\":\"Organization\",\"@id\":\"https:\\\/\\\/stampon.gr\\\/SHOP\\\/#organization\",\"name\":\"StampOn\",\"url\":\"https:\\\/\\\/stampon.gr\\\/SHOP\\\/\",\"logo\":{\"@type\":\"ImageObject\",\"inLanguage\":\"el\",\"@id\":\"https:\\\/\\\/stampon.gr\\\/SHOP\\\/#\\\/schema\\\/logo\\\/image\\\/\",\"url\":\"https:\\\/\\\/stampon.gr\\\/wp-content\\\/uploads\\\/2021\\\/05\\\/StampOn-Logo.png\",\"contentUrl\":\"https:\\\/\\\/stampon.gr\\\/wp-content\\\/uploads\\\/2021\\\/05\\\/StampOn-Logo.png\",\"width\":240,\"height\":50,\"caption\":\"StampOn\"},\"image\":{\"@id\":\"https:\\\/\\\/stampon.gr\\\/SHOP\\\/#\\\/schema\\\/logo\\\/image\\\/\"},\"sameAs\":[\"https:\\\/\\\/www.facebook.com\\\/StampOn\",\"https:\\\/\\\/www.instagram.com\\\/stampon.gr\\\/\"]}]}<\/script>\n<!-- \/ Yoast SEO plugin. -->","yoast_head_json":{"title":"TWISTED DREAMS - StampOn","description":"Als der beste Freund ihres Bruders in ihr Nachbarhaus zieht, \u00e4ndert sich Ava Chens Leben von Grund auf. Alex Volkov sieht aus wie die S\u00fcnde und ist kalt","robots":{"index":"index","follow":"follow","max-snippet":"max-snippet:-1","max-image-preview":"max-image-preview:large","max-video-preview":"max-video-preview:-1"},"canonical":"https:\/\/stampon.gr\/SHOP\/product\/twisted-dreams\/","og_locale":"el_GR","og_type":"article","og_title":"TWISTED DREAMS - StampOn","og_description":"Als der beste Freund ihres Bruders in ihr Nachbarhaus zieht, \u00e4ndert sich Ava Chens Leben von Grund auf. Alex Volkov sieht aus wie die S\u00fcnde und ist kalt","og_url":"https:\/\/stampon.gr\/SHOP\/product\/twisted-dreams\/","og_site_name":"StampOn","article_publisher":"https:\/\/www.facebook.com\/StampOn","article_modified_time":"2025-01-14T05:28:25+00:00","og_image":[{"width":293,"height":466,"url":"https:\/\/stampon.gr\/wp-content\/uploads\/2025\/01\/9783736319127.jpg","type":"image\/jpeg"}],"twitter_card":"summary_large_image","schema":{"@context":"https:\/\/schema.org","@graph":[{"@type":"WebPage","@id":"https:\/\/stampon.gr\/SHOP\/product\/twisted-dreams\/","url":"https:\/\/stampon.gr\/SHOP\/product\/twisted-dreams\/","name":"TWISTED DREAMS - StampOn","isPartOf":{"@id":"https:\/\/stampon.gr\/SHOP\/#website"},"primaryImageOfPage":{"@id":"https:\/\/stampon.gr\/SHOP\/product\/twisted-dreams\/#primaryimage"},"image":{"@id":"https:\/\/stampon.gr\/SHOP\/product\/twisted-dreams\/#primaryimage"},"thumbnailUrl":"https:\/\/stampon.gr\/wp-content\/uploads\/2025\/01\/9783736319127.jpg","datePublished":"2025-01-14T05:19:27+00:00","dateModified":"2025-01-14T05:28:25+00:00","description":"Als der beste Freund ihres Bruders in ihr Nachbarhaus zieht, \u00e4ndert sich Ava Chens Leben von Grund auf. Alex Volkov sieht aus wie die S\u00fcnde und ist kalt","breadcrumb":{"@id":"https:\/\/stampon.gr\/SHOP\/product\/twisted-dreams\/#breadcrumb"},"inLanguage":"el","potentialAction":[{"@type":"ReadAction","target":["https:\/\/stampon.gr\/SHOP\/product\/twisted-dreams\/"]}]},{"@type":"ImageObject","inLanguage":"el","@id":"https:\/\/stampon.gr\/SHOP\/product\/twisted-dreams\/#primaryimage","url":"https:\/\/stampon.gr\/wp-content\/uploads\/2025\/01\/9783736319127.jpg","contentUrl":"https:\/\/stampon.gr\/wp-content\/uploads\/2025\/01\/9783736319127.jpg","width":293,"height":466},{"@type":"BreadcrumbList","@id":"https:\/\/stampon.gr\/SHOP\/product\/twisted-dreams\/#breadcrumb","itemListElement":[{"@type":"ListItem","position":1,"name":"\u0391\u03c1\u03c7\u03b9\u03ba\u03ae","item":"https:\/\/stampon.gr\/SHOP\/"},{"@type":"ListItem","position":2,"name":"\u039a\u03b1\u03c4\u03ac\u03c3\u03c4\u03b7\u03bc\u03b1","item":"https:\/\/stampon.gr\/SHOP\/shop\/"},{"@type":"ListItem","position":3,"name":"TWISTED DREAMS"}]},{"@type":"WebSite","@id":"https:\/\/stampon.gr\/SHOP\/#website","url":"https:\/\/stampon.gr\/SHOP\/","name":"StampOn","description":"\u0388\u03bd\u03b1 \u03b4\u03b9\u03b1\u03c6\u03bf\u03c1\u03b5\u03c4\u03b9\u03ba\u03cc \u03a6\u03c9\u03c4\u03bf\u03c4\u03c5\u03c0\u03b9\u03ba\u03cc \u039a\u03ad\u03bd\u03c4\u03c1\u03bf - \u0392\u03b9\u03b2\u03bb\u03af\u03bf\u03c0\u03c9\u03bb\u03b5\u03af\u03bf...","publisher":{"@id":"https:\/\/stampon.gr\/SHOP\/#organization"},"potentialAction":[{"@type":"SearchAction","target":{"@type":"EntryPoint","urlTemplate":"https:\/\/stampon.gr\/SHOP\/?s={search_term_string}"},"query-input":{"@type":"PropertyValueSpecification","valueRequired":true,"valueName":"search_term_string"}}],"inLanguage":"el"},{"@type":"Organization","@id":"https:\/\/stampon.gr\/SHOP\/#organization","name":"StampOn","url":"https:\/\/stampon.gr\/SHOP\/","logo":{"@type":"ImageObject","inLanguage":"el","@id":"https:\/\/stampon.gr\/SHOP\/#\/schema\/logo\/image\/","url":"https:\/\/stampon.gr\/wp-content\/uploads\/2021\/05\/StampOn-Logo.png","contentUrl":"https:\/\/stampon.gr\/wp-content\/uploads\/2021\/05\/StampOn-Logo.png","width":240,"height":50,"caption":"StampOn"},"image":{"@id":"https:\/\/stampon.gr\/SHOP\/#\/schema\/logo\/image\/"},"sameAs":["https:\/\/www.facebook.com\/StampOn","https:\/\/www.instagram.com\/stampon.gr\/"]}]}},"_links":{"self":[{"href":"https:\/\/stampon.gr\/SHOP\/wp-json\/wp\/v2\/product\/95750","targetHints":{"allow":["GET"]}}],"collection":[{"href":"https:\/\/stampon.gr\/SHOP\/wp-json\/wp\/v2\/product"}],"about":[{"href":"https:\/\/stampon.gr\/SHOP\/wp-json\/wp\/v2\/types\/product"}],"replies":[{"embeddable":true,"href":"https:\/\/stampon.gr\/SHOP\/wp-json\/wp\/v2\/comments?post=95750"}],"wp:featuredmedia":[{"embeddable":true,"href":"https:\/\/stampon.gr\/SHOP\/wp-json\/wp\/v2\/media\/95749"}],"wp:attachment":[{"href":"https:\/\/stampon.gr\/SHOP\/wp-json\/wp\/v2\/media?parent=95750"}],"wp:term":[{"taxonomy":"product_brand","embeddable":true,"href":"https:\/\/stampon.gr\/SHOP\/wp-json\/wp\/v2\/product_brand?post=95750"},{"taxonomy":"product_cat","embeddable":true,"href":"https:\/\/stampon.gr\/SHOP\/wp-json\/wp\/v2\/product_cat?post=95750"},{"taxonomy":"product_tag","embeddable":true,"href":"https:\/\/stampon.gr\/SHOP\/wp-json\/wp\/v2\/product_tag?post=95750"}],"curies":[{"name":"wp","href":"https:\/\/api.w.org\/{rel}","templated":true}]}}